{"id":988199,"date":"2026-04-06T11:51:32","date_gmt":"2026-04-06T11:51:32","guid":{"rendered":"https:\/\/dograr.com\/?page_id=988199"},"modified":"2026-04-06T12:02:07","modified_gmt":"2026-04-06T12:02:07","slug":"roll-form","status":"publish","type":"page","link":"https:\/\/dograr.com\/?page_id=988199","title":{"rendered":"Roll Form"},"content":{"rendered":"\t\t<div data-elementor-type=\"wp-page\" data-elementor-id=\"988199\" class=\"elementor elementor-988199\" data-elementor-post-type=\"page\">\n\t\t\t\t\t\t<section class=\"elementor-section elementor-top-section elementor-element elementor-element-4d206a9f elementor-section-boxed elementor-section-height-default elementor-section-height-default\" data-id=\"4d206a9f\" data-element_type=\"section\" data-e-type=\"section\">\n\t\t\t\t\t\t<div class=\"elementor-container elementor-column-gap-no\">\n\t\t\t\t\t<div class=\"elementor-column elementor-col-33 elementor-top-column elementor-element elementor-element-3f9f8e47 elementor-hidden-mobile\" data-id=\"3f9f8e47\" data-element_type=\"column\" data-e-type=\"column\">\n\t\t\t<div class=\"elementor-widget-wrap elementor-element-populated\">\n\t\t\t\t\t\t<div class=\"elementor-element elementor-element-350fb66 elementor-widget elementor-widget-spacer\" data-id=\"350fb66\" data-element_type=\"widget\" data-e-type=\"widget\" data-widget_type=\"spacer.default\">\n\t\t\t\t<div class=\"elementor-widget-container\">\n\t\t\t\t\t\t\t<div class=\"elementor-spacer\">\n\t\t\t<div class=\"elementor-spacer-inner\"><\/div>\n\t\t<\/div>\n\t\t\t\t\t\t<\/div>\n\t\t\t\t<\/div>\n\t\t\t\t\t<\/div>\n\t\t<\/div>\n\t\t\t\t<div class=\"elementor-column elementor-col-33 elementor-top-column elementor-element elementor-element-4ca25b63 elementor-hidden-mobile\" data-id=\"4ca25b63\" data-element_type=\"column\" data-e-type=\"column\">\n\t\t\t<div class=\"elementor-widget-wrap elementor-element-populated\">\n\t\t\t\t\t\t<div class=\"elementor-element elementor-element-1a698516 elementor-widget elementor-widget-spacer\" data-id=\"1a698516\" data-element_type=\"widget\" data-e-type=\"widget\" data-widget_type=\"spacer.default\">\n\t\t\t\t<div class=\"elementor-widget-container\">\n\t\t\t\t\t\t\t<div class=\"elementor-spacer\">\n\t\t\t<div class=\"elementor-spacer-inner\"><\/div>\n\t\t<\/div>\n\t\t\t\t\t\t<\/div>\n\t\t\t\t<\/div>\n\t\t\t\t\t<\/div>\n\t\t<\/div>\n\t\t\t\t<div class=\"elementor-column elementor-col-33 elementor-top-column elementor-element elementor-element-6a749883 elementor-hidden-mobile\" data-id=\"6a749883\" data-element_type=\"column\" data-e-type=\"column\">\n\t\t\t<div class=\"elementor-widget-wrap elementor-element-populated\">\n\t\t\t\t\t\t<div class=\"elementor-element elementor-element-f1fde6a elementor-widget elementor-widget-spacer\" data-id=\"f1fde6a\" data-element_type=\"widget\" data-e-type=\"widget\" data-widget_type=\"spacer.default\">\n\t\t\t\t<div class=\"elementor-widget-container\">\n\t\t\t\t\t\t\t<div class=\"elementor-spacer\">\n\t\t\t<div class=\"elementor-spacer-inner\"><\/div>\n\t\t<\/div>\n\t\t\t\t\t\t<\/div>\n\t\t\t\t<\/div>\n\t\t\t\t\t<\/div>\n\t\t<\/div>\n\t\t\t\t\t<\/div>\n\t\t<\/section>\n\t\t\t\t<section class=\"elementor-section elementor-top-section elementor-element elementor-element-2ee38e3b elementor-section-boxed elementor-section-height-default elementor-section-height-default\" data-id=\"2ee38e3b\" data-element_type=\"section\" data-e-type=\"section\">\n\t\t\t\t\t\t<div class=\"elementor-container elementor-column-gap-no\">\n\t\t\t\t\t<div class=\"elementor-column elementor-col-33 elementor-top-column elementor-element elementor-element-5dcaf42e\" data-id=\"5dcaf42e\" data-element_type=\"column\" data-e-type=\"column\" data-settings=\"{&quot;background_background&quot;:&quot;classic&quot;}\">\n\t\t\t<div class=\"elementor-widget-wrap elementor-element-populated\">\n\t\t\t\t\t\t<div class=\"elementor-element elementor-element-528f3497 elementor-widget elementor-widget-text-editor\" data-id=\"528f3497\" data-element_type=\"widget\" data-e-type=\"widget\" data-widget_type=\"text-editor.default\">\n\t\t\t\t<div class=\"elementor-widget-container\">\n\t\t\t\t\t\t\t\t\t<p class=\"p1\">Roll form, metal saclar\u0131n ard\u0131\u015f\u0131k \u015fekillendirme istasyonlar\u0131ndan ge\u00e7irilerek istenilen profil geometrisine d\u00f6n\u00fc\u015ft\u00fcr\u00fcld\u00fc\u011f\u00fc s\u00fcrekli bir \u00fcretim teknolojisidir. Bu y\u00f6ntemde metal sac, \u00fcretim hatt\u0131 boyunca ilerlerken her istasyonda kademeli olarak \u015fekillendirilir ve sonunda istenen kesit formuna sahip profil elde edilir.<\/p><p class=\"p1\">Roll form \u00fcretim hatlar\u0131 \u00f6zellikle <span class=\"s1\"><b>C profil, U profil, Z profil ve \u00e7e\u015fitli yap\u0131sal \u00e7elik profillerin<\/b><\/span> y\u00fcksek hassasiyetle ve seri \u015fekilde \u00fcretilmesini sa\u011flar. S\u00fcrekli \u00fcretim prensibi sayesinde hem \u00fcretim h\u0131z\u0131 artar hem de \u00fcr\u00fcnlerin \u00f6l\u00e7\u00fc do\u011frulu\u011fu ve kalite standard\u0131 korunur.<\/p><p class=\"p1\">Bu teknoloji; <span class=\"s1\"><b>\u00e7elik konstr\u00fcksiyon sistemleri, g\u00fcne\u015f enerjisi ta\u015f\u0131y\u0131c\u0131 sistemleri, end\u00fcstriyel yap\u0131 elemanlar\u0131 ve \u00e7e\u015fitli metal profil uygulamalar\u0131nda<\/b><\/span> yayg\u0131n olarak kullan\u0131lmaktad\u0131r. Otomasyon destekli \u00fcretim hatlar\u0131 sayesinde delme, \u015fekillendirme, kesme ve markalama gibi i\u015flemler ayn\u0131 \u00fcretim hatt\u0131 \u00fczerinde ger\u00e7ekle\u015ftirilebilir.<\/p><p class=\"p1\">Roll form teknolojisi; <span class=\"s1\"><b>y\u00fcksek \u00fcretim kapasitesi, \u00f6l\u00e7\u00fc hassasiyeti, d\u00fc\u015f\u00fck \u00fcretim maliyeti ve h\u0131zl\u0131 montaj avantajlar\u0131<\/b><\/span> sayesinde modern metal profil \u00fcretiminde en verimli y\u00f6ntemlerden biri olarak kabul edilmektedir.<\/p>\t\t\t\t\t\t\t\t<\/div>\n\t\t\t\t<\/div>\n\t\t\t\t\t<\/div>\n\t\t<\/div>\n\t\t\t\t<div class=\"elementor-column elementor-col-33 elementor-top-column elementor-element elementor-element-7de33da5\" data-id=\"7de33da5\" data-element_type=\"column\" data-e-type=\"column\">\n\t\t\t<div class=\"elementor-widget-wrap elementor-element-populated\">\n\t\t\t\t\t\t<div class=\"elementor-element elementor-element-32b288af elementor-widget elementor-widget-image\" data-id=\"32b288af\" data-element_type=\"widget\" data-e-type=\"widget\" data-settings=\"{&quot;motion_fx_motion_fx_scrolling&quot;:&quot;yes&quot;,&quot;motion_fx_translateY_effect&quot;:&quot;yes&quot;,&quot;motion_fx_translateY_speed&quot;:{&quot;unit&quot;:&quot;px&quot;,&quot;size&quot;:1,&quot;sizes&quot;:[]},&quot;motion_fx_devices&quot;:[&quot;desktop&quot;],&quot;motion_fx_translateY_direction&quot;:&quot;negative&quot;,&quot;motion_fx_translateY_affectedRange&quot;:{&quot;unit&quot;:&quot;%&quot;,&quot;size&quot;:&quot;&quot;,&quot;sizes&quot;:{&quot;start&quot;:0,&quot;end&quot;:100}}}\" data-widget_type=\"image.default\">\n\t\t\t\t<div class=\"elementor-widget-container\">\n\t\t\t\t\t\t\t\t\t\t\t\t\t\t\t<img fetchpriority=\"high\" decoding=\"async\" width=\"576\" height=\"1024\" src=\"https:\/\/dograr.com\/wp-content\/uploads\/2026\/04\/roll-form-1-576x1024.jpg\" class=\"attachment-large size-large wp-image-988202\" alt=\"\" srcset=\"https:\/\/dograr.com\/wp-content\/uploads\/2026\/04\/roll-form-1-576x1024.jpg 576w, https:\/\/dograr.com\/wp-content\/uploads\/2026\/04\/roll-form-1-169x300.jpg 169w, https:\/\/dograr.com\/wp-content\/uploads\/2026\/04\/roll-form-1-768x1365.jpg 768w, https:\/\/dograr.com\/wp-content\/uploads\/2026\/04\/roll-form-1-864x1536.jpg 864w, https:\/\/dograr.com\/wp-content\/uploads\/2026\/04\/roll-form-1-1152x2048.jpg 1152w, https:\/\/dograr.com\/wp-content\/uploads\/2026\/04\/roll-form-1-scaled.jpg 1440w\" sizes=\"(max-width: 576px) 100vw, 576px\" \/>\t\t\t\t\t\t\t\t\t\t\t\t\t\t\t<\/div>\n\t\t\t\t<\/div>\n\t\t\t\t<div class=\"elementor-element elementor-element-2518596 elementor-widget elementor-widget-image\" data-id=\"2518596\" data-element_type=\"widget\" data-e-type=\"widget\" data-settings=\"{&quot;motion_fx_motion_fx_scrolling&quot;:&quot;yes&quot;,&quot;motion_fx_translateY_effect&quot;:&quot;yes&quot;,&quot;motion_fx_translateY_speed&quot;:{&quot;unit&quot;:&quot;px&quot;,&quot;size&quot;:1,&quot;sizes&quot;:[]},&quot;motion_fx_devices&quot;:[&quot;desktop&quot;],&quot;motion_fx_translateY_direction&quot;:&quot;negative&quot;,&quot;motion_fx_translateY_affectedRange&quot;:{&quot;unit&quot;:&quot;%&quot;,&quot;size&quot;:&quot;&quot;,&quot;sizes&quot;:{&quot;start&quot;:0,&quot;end&quot;:100}}}\" data-widget_type=\"image.default\">\n\t\t\t\t<div class=\"elementor-widget-container\">\n\t\t\t\t\t\t\t\t\t\t\t\t\t\t\t<img decoding=\"async\" width=\"576\" height=\"1024\" src=\"https:\/\/dograr.com\/wp-content\/uploads\/2026\/04\/roll-form-2-576x1024.jpg\" class=\"attachment-large size-large wp-image-988203\" alt=\"\" srcset=\"https:\/\/dograr.com\/wp-content\/uploads\/2026\/04\/roll-form-2-576x1024.jpg 576w, https:\/\/dograr.com\/wp-content\/uploads\/2026\/04\/roll-form-2-169x300.jpg 169w, https:\/\/dograr.com\/wp-content\/uploads\/2026\/04\/roll-form-2-768x1365.jpg 768w, https:\/\/dograr.com\/wp-content\/uploads\/2026\/04\/roll-form-2-864x1536.jpg 864w, https:\/\/dograr.com\/wp-content\/uploads\/2026\/04\/roll-form-2-1152x2048.jpg 1152w, https:\/\/dograr.com\/wp-content\/uploads\/2026\/04\/roll-form-2-scaled.jpg 1440w\" sizes=\"(max-width: 576px) 100vw, 576px\" \/>\t\t\t\t\t\t\t\t\t\t\t\t\t\t\t<\/div>\n\t\t\t\t<\/div>\n\t\t\t\t\t<\/div>\n\t\t<\/div>\n\t\t\t\t<div class=\"elementor-column elementor-col-33 elementor-top-column elementor-element elementor-element-11cc8785\" data-id=\"11cc8785\" data-element_type=\"column\" data-e-type=\"column\">\n\t\t\t<div class=\"elementor-widget-wrap elementor-element-populated\">\n\t\t\t\t\t\t<div class=\"elementor-element elementor-element-fad37c1 elementor-widget elementor-widget-video\" data-id=\"fad37c1\" data-element_type=\"widget\" data-e-type=\"widget\" data-settings=\"{&quot;video_type&quot;:&quot;hosted&quot;,&quot;autoplay&quot;:&quot;yes&quot;,&quot;mute&quot;:&quot;yes&quot;,&quot;loop&quot;:&quot;yes&quot;}\" data-widget_type=\"video.default\">\n\t\t\t\t<div class=\"elementor-widget-container\">\n\t\t\t\t\t\t\t<div class=\"e-hosted-video elementor-wrapper elementor-open-inline\">\n\t\t\t\t\t<video class=\"elementor-video\" src=\"https:\/\/dograr.com\\\/wp-content\/uploads\/2026\/04\/roll-form-video.mp4\" autoplay=\"\" loop=\"\" muted=\"muted\" controlsList=\"nodownload\"><\/video>\n\t\t\t\t<\/div>\n\t\t\t\t\t\t<\/div>\n\t\t\t\t<\/div>\n\t\t\t\t\t<\/div>\n\t\t<\/div>\n\t\t\t\t\t<\/div>\n\t\t<\/section>\n\t\t\t\t<\/div>\n\t\t","protected":false},"excerpt":{"rendered":"<p>Roll form, metal saclar\u0131n ard\u0131\u015f\u0131k \u015fekillendirme istasyonlar\u0131ndan ge\u00e7irilerek istenilen profil geometrisine d\u00f6n\u00fc\u015ft\u00fcr\u00fcld\u00fc\u011f\u00fc s\u00fcrekli bir \u00fcretim teknolojisidir. Bu y\u00f6ntemde metal sac, \u00fcretim hatt\u0131 boyunca ilerlerken her istasyonda kademeli olarak \u015fekillendirilir ve sonunda istenen kesit formuna sahip profil elde edilir. Roll form \u00fcretim hatlar\u0131 \u00f6zellikle C profil, U profil, Z profil ve \u00e7e\u015fitli yap\u0131sal \u00e7elik profillerin y\u00fcksek&#8230;<\/p>\n","protected":false},"author":1,"featured_media":0,"parent":138,"menu_order":0,"comment_status":"closed","ping_status":"closed","template":"","meta":{"inline_featured_image":false,"footnotes":""},"class_list":["post-988199","page","type-page","status-publish","hentry"],"yoast_head":"<!-- This site is optimized with the Yoast SEO plugin v27.1.1 - https:\/\/yoast.com\/product\/yoast-seo-wordpress\/ -->\n<title>Roll Form - Do\u011frar Metal Sanayi<\/title>\n<meta name=\"robots\" content=\"index, follow, max-snippet:-1, max-image-preview:large, max-video-preview:-1\" \/>\n<link rel=\"canonical\" href=\"https:\/\/dograr.com\/?page_id=988199\" \/>\n<meta property=\"og:locale\" content=\"tr_TR\" \/>\n<meta property=\"og:type\" content=\"article\" \/>\n<meta property=\"og:title\" content=\"Roll Form - Do\u011frar Metal Sanayi\" \/>\n<meta property=\"og:description\" content=\"Roll form, metal saclar\u0131n ard\u0131\u015f\u0131k \u015fekillendirme istasyonlar\u0131ndan ge\u00e7irilerek istenilen profil geometrisine d\u00f6n\u00fc\u015ft\u00fcr\u00fcld\u00fc\u011f\u00fc s\u00fcrekli bir \u00fcretim teknolojisidir. Bu y\u00f6ntemde metal sac, \u00fcretim hatt\u0131 boyunca ilerlerken her istasyonda kademeli olarak \u015fekillendirilir ve sonunda istenen kesit formuna sahip profil elde edilir. Roll form \u00fcretim hatlar\u0131 \u00f6zellikle C profil, U profil, Z profil ve \u00e7e\u015fitli yap\u0131sal \u00e7elik profillerin y\u00fcksek...\" \/>\n<meta property=\"og:url\" content=\"https:\/\/dograr.com\/?page_id=988199\" \/>\n<meta property=\"og:site_name\" content=\"Do\u011frar Metal Sanayi\" \/>\n<meta property=\"article:modified_time\" content=\"2026-04-06T12:02:07+00:00\" \/>\n<meta property=\"og:image\" content=\"https:\/\/dograr.com\/wp-content\/uploads\/2026\/04\/roll-form-1-576x1024.jpg\" \/>\n<meta name=\"twitter:card\" content=\"summary_large_image\" \/>\n<meta name=\"twitter:label1\" content=\"Tahmini okuma s\u00fcresi\" \/>\n\t<meta name=\"twitter:data1\" content=\"2 dakika\" \/>\n<script type=\"application\/ld+json\" class=\"yoast-schema-graph\">{\"@context\":\"https:\/\/schema.org\",\"@graph\":[{\"@type\":\"WebPage\",\"@id\":\"https:\/\/dograr.com\/?page_id=988199\",\"url\":\"https:\/\/dograr.com\/?page_id=988199\",\"name\":\"Roll Form - Do\u011frar Metal Sanayi\",\"isPartOf\":{\"@id\":\"https:\/\/dograr.com\/#website\"},\"primaryImageOfPage\":{\"@id\":\"https:\/\/dograr.com\/?page_id=988199#primaryimage\"},\"image\":{\"@id\":\"https:\/\/dograr.com\/?page_id=988199#primaryimage\"},\"thumbnailUrl\":\"https:\/\/dograr.com\/wp-content\/uploads\/2026\/04\/roll-form-1-576x1024.jpg\",\"datePublished\":\"2026-04-06T11:51:32+00:00\",\"dateModified\":\"2026-04-06T12:02:07+00:00\",\"breadcrumb\":{\"@id\":\"https:\/\/dograr.com\/?page_id=988199#breadcrumb\"},\"inLanguage\":\"tr\",\"potentialAction\":[{\"@type\":\"ReadAction\",\"target\":[\"https:\/\/dograr.com\/?page_id=988199\"]}]},{\"@type\":\"ImageObject\",\"inLanguage\":\"tr\",\"@id\":\"https:\/\/dograr.com\/?page_id=988199#primaryimage\",\"url\":\"https:\/\/dograr.com\/wp-content\/uploads\/2026\/04\/roll-form-1-scaled.jpg\",\"contentUrl\":\"https:\/\/dograr.com\/wp-content\/uploads\/2026\/04\/roll-form-1-scaled.jpg\",\"width\":1440,\"height\":2560},{\"@type\":\"BreadcrumbList\",\"@id\":\"https:\/\/dograr.com\/?page_id=988199#breadcrumb\",\"itemListElement\":[{\"@type\":\"ListItem\",\"position\":1,\"name\":\"Anasayfa\",\"item\":\"https:\/\/dograr.com\/\"},{\"@type\":\"ListItem\",\"position\":2,\"name\":\"\u00c7\u00f6z\u00fcmler\",\"item\":\"https:\/\/dograr.com\/?page_id=138\"},{\"@type\":\"ListItem\",\"position\":3,\"name\":\"Roll Form\"}]},{\"@type\":\"WebSite\",\"@id\":\"https:\/\/dograr.com\/#website\",\"url\":\"https:\/\/dograr.com\/\",\"name\":\"Do\u011frar Metal Sanayi\",\"description\":\"\",\"publisher\":{\"@id\":\"https:\/\/dograr.com\/#organization\"},\"potentialAction\":[{\"@type\":\"SearchAction\",\"target\":{\"@type\":\"EntryPoint\",\"urlTemplate\":\"https:\/\/dograr.com\/?s={search_term_string}\"},\"query-input\":{\"@type\":\"PropertyValueSpecification\",\"valueRequired\":true,\"valueName\":\"search_term_string\"}}],\"inLanguage\":\"tr\"},{\"@type\":\"Organization\",\"@id\":\"https:\/\/dograr.com\/#organization\",\"name\":\"Do\u011frar Metal Sanayi\",\"url\":\"https:\/\/dograr.com\/\",\"logo\":{\"@type\":\"ImageObject\",\"inLanguage\":\"tr\",\"@id\":\"https:\/\/dograr.com\/#\/schema\/logo\/image\/\",\"url\":\"https:\/\/dograr.com\/wp-content\/uploads\/2023\/07\/dograr-metal.svg\",\"contentUrl\":\"https:\/\/dograr.com\/wp-content\/uploads\/2023\/07\/dograr-metal.svg\",\"width\":423,\"height\":133,\"caption\":\"Do\u011frar Metal Sanayi\"},\"image\":{\"@id\":\"https:\/\/dograr.com\/#\/schema\/logo\/image\/\"}}]}<\/script>\n<!-- \/ Yoast SEO plugin. -->","yoast_head_json":{"title":"Roll Form - Do\u011frar Metal Sanayi","robots":{"index":"index","follow":"follow","max-snippet":"max-snippet:-1","max-image-preview":"max-image-preview:large","max-video-preview":"max-video-preview:-1"},"canonical":"https:\/\/dograr.com\/?page_id=988199","og_locale":"tr_TR","og_type":"article","og_title":"Roll Form - Do\u011frar Metal Sanayi","og_description":"Roll form, metal saclar\u0131n ard\u0131\u015f\u0131k \u015fekillendirme istasyonlar\u0131ndan ge\u00e7irilerek istenilen profil geometrisine d\u00f6n\u00fc\u015ft\u00fcr\u00fcld\u00fc\u011f\u00fc s\u00fcrekli bir \u00fcretim teknolojisidir. Bu y\u00f6ntemde metal sac, \u00fcretim hatt\u0131 boyunca ilerlerken her istasyonda kademeli olarak \u015fekillendirilir ve sonunda istenen kesit formuna sahip profil elde edilir. Roll form \u00fcretim hatlar\u0131 \u00f6zellikle C profil, U profil, Z profil ve \u00e7e\u015fitli yap\u0131sal \u00e7elik profillerin y\u00fcksek...","og_url":"https:\/\/dograr.com\/?page_id=988199","og_site_name":"Do\u011frar Metal Sanayi","article_modified_time":"2026-04-06T12:02:07+00:00","og_image":[{"url":"https:\/\/dograr.com\/wp-content\/uploads\/2026\/04\/roll-form-1-576x1024.jpg","type":"","width":"","height":""}],"twitter_card":"summary_large_image","twitter_misc":{"Tahmini okuma s\u00fcresi":"2 dakika"},"schema":{"@context":"https:\/\/schema.org","@graph":[{"@type":"WebPage","@id":"https:\/\/dograr.com\/?page_id=988199","url":"https:\/\/dograr.com\/?page_id=988199","name":"Roll Form - Do\u011frar Metal Sanayi","isPartOf":{"@id":"https:\/\/dograr.com\/#website"},"primaryImageOfPage":{"@id":"https:\/\/dograr.com\/?page_id=988199#primaryimage"},"image":{"@id":"https:\/\/dograr.com\/?page_id=988199#primaryimage"},"thumbnailUrl":"https:\/\/dograr.com\/wp-content\/uploads\/2026\/04\/roll-form-1-576x1024.jpg","datePublished":"2026-04-06T11:51:32+00:00","dateModified":"2026-04-06T12:02:07+00:00","breadcrumb":{"@id":"https:\/\/dograr.com\/?page_id=988199#breadcrumb"},"inLanguage":"tr","potentialAction":[{"@type":"ReadAction","target":["https:\/\/dograr.com\/?page_id=988199"]}]},{"@type":"ImageObject","inLanguage":"tr","@id":"https:\/\/dograr.com\/?page_id=988199#primaryimage","url":"https:\/\/dograr.com\/wp-content\/uploads\/2026\/04\/roll-form-1-scaled.jpg","contentUrl":"https:\/\/dograr.com\/wp-content\/uploads\/2026\/04\/roll-form-1-scaled.jpg","width":1440,"height":2560},{"@type":"BreadcrumbList","@id":"https:\/\/dograr.com\/?page_id=988199#breadcrumb","itemListElement":[{"@type":"ListItem","position":1,"name":"Anasayfa","item":"https:\/\/dograr.com\/"},{"@type":"ListItem","position":2,"name":"\u00c7\u00f6z\u00fcmler","item":"https:\/\/dograr.com\/?page_id=138"},{"@type":"ListItem","position":3,"name":"Roll Form"}]},{"@type":"WebSite","@id":"https:\/\/dograr.com\/#website","url":"https:\/\/dograr.com\/","name":"Do\u011frar Metal Sanayi","description":"","publisher":{"@id":"https:\/\/dograr.com\/#organization"},"potentialAction":[{"@type":"SearchAction","target":{"@type":"EntryPoint","urlTemplate":"https:\/\/dograr.com\/?s={search_term_string}"},"query-input":{"@type":"PropertyValueSpecification","valueRequired":true,"valueName":"search_term_string"}}],"inLanguage":"tr"},{"@type":"Organization","@id":"https:\/\/dograr.com\/#organization","name":"Do\u011frar Metal Sanayi","url":"https:\/\/dograr.com\/","logo":{"@type":"ImageObject","inLanguage":"tr","@id":"https:\/\/dograr.com\/#\/schema\/logo\/image\/","url":"https:\/\/dograr.com\/wp-content\/uploads\/2023\/07\/dograr-metal.svg","contentUrl":"https:\/\/dograr.com\/wp-content\/uploads\/2023\/07\/dograr-metal.svg","width":423,"height":133,"caption":"Do\u011frar Metal Sanayi"},"image":{"@id":"https:\/\/dograr.com\/#\/schema\/logo\/image\/"}}]}},"_links":{"self":[{"href":"https:\/\/dograr.com\/index.php?rest_route=\/wp\/v2\/pages\/988199","targetHints":{"allow":["GET"]}}],"collection":[{"href":"https:\/\/dograr.com\/index.php?rest_route=\/wp\/v2\/pages"}],"about":[{"href":"https:\/\/dograr.com\/index.php?rest_route=\/wp\/v2\/types\/page"}],"author":[{"embeddable":true,"href":"https:\/\/dograr.com\/index.php?rest_route=\/wp\/v2\/users\/1"}],"replies":[{"embeddable":true,"href":"https:\/\/dograr.com\/index.php?rest_route=%2Fwp%2Fv2%2Fcomments&post=988199"}],"version-history":[{"count":4,"href":"https:\/\/dograr.com\/index.php?rest_route=\/wp\/v2\/pages\/988199\/revisions"}],"predecessor-version":[{"id":988207,"href":"https:\/\/dograr.com\/index.php?rest_route=\/wp\/v2\/pages\/988199\/revisions\/988207"}],"up":[{"embeddable":true,"href":"https:\/\/dograr.com\/index.php?rest_route=\/wp\/v2\/pages\/138"}],"wp:attachment":[{"href":"https:\/\/dograr.com\/index.php?rest_route=%2Fwp%2Fv2%2Fmedia&parent=988199"}],"curies":[{"name":"wp","href":"https:\/\/api.w.org\/{rel}","templated":true}]}}