{"id":988130,"date":"2026-03-30T09:22:06","date_gmt":"2026-03-30T09:22:06","guid":{"rendered":"https:\/\/dograr.com\/?page_id=988130"},"modified":"2026-04-06T13:22:41","modified_gmt":"2026-04-06T13:22:41","slug":"kalite-politikamiz","status":"publish","type":"page","link":"https:\/\/dograr.com\/?page_id=988130","title":{"rendered":"Kalite Politikam\u0131z"},"content":{"rendered":"\t\t<div data-elementor-type=\"wp-page\" data-elementor-id=\"988130\" class=\"elementor elementor-988130\" data-elementor-post-type=\"page\">\n\t\t\t\t\t\t<section class=\"elementor-section elementor-top-section elementor-element elementor-element-43ced3f elementor-section-boxed elementor-section-height-default elementor-section-height-default\" data-id=\"43ced3f\" data-element_type=\"section\" data-e-type=\"section\">\n\t\t\t\t\t\t<div class=\"elementor-container elementor-column-gap-no\">\n\t\t\t\t\t<div class=\"elementor-column elementor-col-50 elementor-top-column elementor-element elementor-element-8665582\" data-id=\"8665582\" data-element_type=\"column\" data-e-type=\"column\" data-settings=\"{&quot;background_background&quot;:&quot;classic&quot;,&quot;background_motion_fx_motion_fx_scrolling&quot;:&quot;yes&quot;,&quot;background_motion_fx_scale_effect&quot;:&quot;yes&quot;,&quot;background_motion_fx_scale_speed&quot;:{&quot;unit&quot;:&quot;px&quot;,&quot;size&quot;:2,&quot;sizes&quot;:[]},&quot;background_motion_fx_devices&quot;:[&quot;desktop&quot;],&quot;background_motion_fx_scale_direction&quot;:&quot;out-in&quot;,&quot;background_motion_fx_scale_range&quot;:{&quot;unit&quot;:&quot;%&quot;,&quot;size&quot;:&quot;&quot;,&quot;sizes&quot;:{&quot;start&quot;:20,&quot;end&quot;:80}}}\">\n\t\t\t<div class=\"elementor-widget-wrap elementor-element-populated\">\n\t\t\t\t\t\t<div class=\"elementor-element elementor-element-550cc56 elementor-widget elementor-widget-image\" data-id=\"550cc56\" data-element_type=\"widget\" data-e-type=\"widget\" data-widget_type=\"image.default\">\n\t\t\t\t<div class=\"elementor-widget-container\">\n\t\t\t\t\t\t\t\t\t\t\t\t\t\t\t<img fetchpriority=\"high\" decoding=\"async\" width=\"702\" height=\"1024\" src=\"https:\/\/dograr.com\/wp-content\/uploads\/2026\/03\/dograr-metal-kalite-politikasi-702x1024.jpg\" class=\"attachment-large size-large wp-image-988136\" alt=\"\" srcset=\"https:\/\/dograr.com\/wp-content\/uploads\/2026\/03\/dograr-metal-kalite-politikasi-702x1024.jpg 702w, https:\/\/dograr.com\/wp-content\/uploads\/2026\/03\/dograr-metal-kalite-politikasi-206x300.jpg 206w, https:\/\/dograr.com\/wp-content\/uploads\/2026\/03\/dograr-metal-kalite-politikasi-768x1121.jpg 768w, https:\/\/dograr.com\/wp-content\/uploads\/2026\/03\/dograr-metal-kalite-politikasi-1053x1536.jpg 1053w, https:\/\/dograr.com\/wp-content\/uploads\/2026\/03\/dograr-metal-kalite-politikasi-1403x2048.jpg 1403w, https:\/\/dograr.com\/wp-content\/uploads\/2026\/03\/dograr-metal-kalite-politikasi-scaled.jpg 1754w\" sizes=\"(max-width: 702px) 100vw, 702px\" \/>\t\t\t\t\t\t\t\t\t\t\t\t\t\t\t<\/div>\n\t\t\t\t<\/div>\n\t\t\t\t\t<\/div>\n\t\t<\/div>\n\t\t\t\t<div class=\"elementor-column elementor-col-50 elementor-top-column elementor-element elementor-element-da6325c\" data-id=\"da6325c\" data-element_type=\"column\" data-e-type=\"column\" data-settings=\"{&quot;background_background&quot;:&quot;classic&quot;}\">\n\t\t\t<div class=\"elementor-widget-wrap elementor-element-populated\">\n\t\t\t\t\t\t<section class=\"elementor-section elementor-inner-section elementor-element elementor-element-098c34d elementor-section-full_width elementor-section-height-default elementor-section-height-default\" data-id=\"098c34d\" data-element_type=\"section\" data-e-type=\"section\">\n\t\t\t\t\t\t<div class=\"elementor-container elementor-column-gap-no\">\n\t\t\t\t\t<div class=\"elementor-column elementor-col-100 elementor-inner-column elementor-element elementor-element-ddf2c61\" data-id=\"ddf2c61\" data-element_type=\"column\" data-e-type=\"column\">\n\t\t\t<div class=\"elementor-widget-wrap elementor-element-populated\">\n\t\t\t\t\t\t<div class=\"elementor-element elementor-element-8a2d31e elementor-widget elementor-widget-text-editor\" data-id=\"8a2d31e\" data-element_type=\"widget\" data-e-type=\"widget\" data-widget_type=\"text-editor.default\">\n\t\t\t\t<div class=\"elementor-widget-container\">\n\t\t\t\t\t\t\t\t\t<p class=\"p1\">Do\u011frar Metal olarak kaliteyi yaln\u0131zca \u00fcretimin bir par\u00e7as\u0131 de\u011fil, t\u00fcm faaliyetlerimizin temel unsuru olarak g\u00f6r\u00fcyoruz. Metal i\u015fleme s\u00fcre\u00e7lerimizde s\u00fcrekli iyile\u015ftirmeyi esas alarak m\u00fc\u015fterilerimize g\u00fcvenilir, s\u00fcrd\u00fcr\u00fclebilir ve y\u00fcksek standartlarda \u00fcretim \u00e7\u00f6z\u00fcmleri sunmay\u0131 hedefliyoruz. Kaynaklar\u0131n verimli kullan\u0131m\u0131, \u00e7al\u0131\u015fanlar\u0131m\u0131z\u0131n geli\u015fimi, m\u00fc\u015fteri memnuniyeti ve teknolojik yenilikleri takip etmek kalite anlay\u0131\u015f\u0131m\u0131z\u0131n temelini olu\u015fturmaktad\u0131r.<\/p>\t\t\t\t\t\t\t\t<\/div>\n\t\t\t\t<\/div>\n\t\t\t\t\t<\/div>\n\t\t<\/div>\n\t\t\t\t\t<\/div>\n\t\t<\/section>\n\t\t\t\t\t<\/div>\n\t\t<\/div>\n\t\t\t\t\t<\/div>\n\t\t<\/section>\n\t\t\t\t<section class=\"elementor-section elementor-top-section elementor-element elementor-element-be968e8 elementor-section-boxed elementor-section-height-default elementor-section-height-default\" data-id=\"be968e8\" data-element_type=\"section\" data-e-type=\"section\">\n\t\t\t\t\t\t<div class=\"elementor-container elementor-column-gap-no\">\n\t\t\t\t\t<div class=\"elementor-column elementor-col-100 elementor-top-column elementor-element elementor-element-9f8b2f1\" data-id=\"9f8b2f1\" data-element_type=\"column\" data-e-type=\"column\">\n\t\t\t<div class=\"elementor-widget-wrap\">\n\t\t\t\t\t\t\t<\/div>\n\t\t<\/div>\n\t\t\t\t\t<\/div>\n\t\t<\/section>\n\t\t\t\t<\/div>\n\t\t","protected":false},"excerpt":{"rendered":"<p>Kaliteyi S\u00fcre\u00e7lerimizin Temeline Yerle\u015ftiriyoruz<\/p>\n","protected":false},"author":1,"featured_media":0,"parent":0,"menu_order":0,"comment_status":"closed","ping_status":"closed","template":"","meta":{"inline_featured_image":false,"footnotes":""},"class_list":["post-988130","page","type-page","status-publish","hentry"],"yoast_head":"<!-- This site is optimized with the Yoast SEO plugin v27.1.1 - https:\/\/yoast.com\/product\/yoast-seo-wordpress\/ -->\n<title>Kalite Politikam\u0131z - Do\u011frar Metal Sanayi<\/title>\n<meta name=\"robots\" content=\"index, follow, max-snippet:-1, max-image-preview:large, max-video-preview:-1\" \/>\n<link rel=\"canonical\" href=\"https:\/\/dograr.com\/?page_id=988130\" \/>\n<meta property=\"og:locale\" content=\"tr_TR\" \/>\n<meta property=\"og:type\" content=\"article\" \/>\n<meta property=\"og:title\" content=\"Kalite Politikam\u0131z - Do\u011frar Metal Sanayi\" \/>\n<meta property=\"og:description\" content=\"Kaliteyi S\u00fcre\u00e7lerimizin Temeline Yerle\u015ftiriyoruz\" \/>\n<meta property=\"og:url\" content=\"https:\/\/dograr.com\/?page_id=988130\" \/>\n<meta property=\"og:site_name\" content=\"Do\u011frar Metal Sanayi\" \/>\n<meta property=\"article:modified_time\" content=\"2026-04-06T13:22:41+00:00\" \/>\n<meta property=\"og:image\" content=\"https:\/\/dograr.com\/wp-content\/uploads\/2026\/03\/dograr-metal-kalite-politikasi-702x1024.jpg\" \/>\n<meta name=\"twitter:card\" content=\"summary_large_image\" \/>\n<meta name=\"twitter:label1\" content=\"Tahmini okuma s\u00fcresi\" \/>\n\t<meta name=\"twitter:data1\" content=\"1 dakika\" \/>\n<script type=\"application\/ld+json\" class=\"yoast-schema-graph\">{\"@context\":\"https:\/\/schema.org\",\"@graph\":[{\"@type\":\"WebPage\",\"@id\":\"https:\/\/dograr.com\/?page_id=988130\",\"url\":\"https:\/\/dograr.com\/?page_id=988130\",\"name\":\"Kalite Politikam\u0131z - Do\u011frar Metal Sanayi\",\"isPartOf\":{\"@id\":\"https:\/\/dograr.com\/#website\"},\"primaryImageOfPage\":{\"@id\":\"https:\/\/dograr.com\/?page_id=988130#primaryimage\"},\"image\":{\"@id\":\"https:\/\/dograr.com\/?page_id=988130#primaryimage\"},\"thumbnailUrl\":\"https:\/\/dograr.com\/wp-content\/uploads\/2026\/03\/dograr-metal-kalite-politikasi-702x1024.jpg\",\"datePublished\":\"2026-03-30T09:22:06+00:00\",\"dateModified\":\"2026-04-06T13:22:41+00:00\",\"breadcrumb\":{\"@id\":\"https:\/\/dograr.com\/?page_id=988130#breadcrumb\"},\"inLanguage\":\"tr\",\"potentialAction\":[{\"@type\":\"ReadAction\",\"target\":[\"https:\/\/dograr.com\/?page_id=988130\"]}]},{\"@type\":\"ImageObject\",\"inLanguage\":\"tr\",\"@id\":\"https:\/\/dograr.com\/?page_id=988130#primaryimage\",\"url\":\"https:\/\/dograr.com\/wp-content\/uploads\/2026\/03\/dograr-metal-kalite-politikasi-scaled.jpg\",\"contentUrl\":\"https:\/\/dograr.com\/wp-content\/uploads\/2026\/03\/dograr-metal-kalite-politikasi-scaled.jpg\",\"width\":1754,\"height\":2560,\"caption\":\"Screenshot\"},{\"@type\":\"BreadcrumbList\",\"@id\":\"https:\/\/dograr.com\/?page_id=988130#breadcrumb\",\"itemListElement\":[{\"@type\":\"ListItem\",\"position\":1,\"name\":\"Anasayfa\",\"item\":\"https:\/\/dograr.com\/\"},{\"@type\":\"ListItem\",\"position\":2,\"name\":\"Kalite Politikam\u0131z\"}]},{\"@type\":\"WebSite\",\"@id\":\"https:\/\/dograr.com\/#website\",\"url\":\"https:\/\/dograr.com\/\",\"name\":\"Do\u011frar Metal Sanayi\",\"description\":\"\",\"publisher\":{\"@id\":\"https:\/\/dograr.com\/#organization\"},\"potentialAction\":[{\"@type\":\"SearchAction\",\"target\":{\"@type\":\"EntryPoint\",\"urlTemplate\":\"https:\/\/dograr.com\/?s={search_term_string}\"},\"query-input\":{\"@type\":\"PropertyValueSpecification\",\"valueRequired\":true,\"valueName\":\"search_term_string\"}}],\"inLanguage\":\"tr\"},{\"@type\":\"Organization\",\"@id\":\"https:\/\/dograr.com\/#organization\",\"name\":\"Do\u011frar Metal Sanayi\",\"url\":\"https:\/\/dograr.com\/\",\"logo\":{\"@type\":\"ImageObject\",\"inLanguage\":\"tr\",\"@id\":\"https:\/\/dograr.com\/#\/schema\/logo\/image\/\",\"url\":\"https:\/\/dograr.com\/wp-content\/uploads\/2023\/07\/dograr-metal.svg\",\"contentUrl\":\"https:\/\/dograr.com\/wp-content\/uploads\/2023\/07\/dograr-metal.svg\",\"width\":423,\"height\":133,\"caption\":\"Do\u011frar Metal Sanayi\"},\"image\":{\"@id\":\"https:\/\/dograr.com\/#\/schema\/logo\/image\/\"}}]}<\/script>\n<!-- \/ Yoast SEO plugin. -->","yoast_head_json":{"title":"Kalite Politikam\u0131z - Do\u011frar Metal Sanayi","robots":{"index":"index","follow":"follow","max-snippet":"max-snippet:-1","max-image-preview":"max-image-preview:large","max-video-preview":"max-video-preview:-1"},"canonical":"https:\/\/dograr.com\/?page_id=988130","og_locale":"tr_TR","og_type":"article","og_title":"Kalite Politikam\u0131z - Do\u011frar Metal Sanayi","og_description":"Kaliteyi S\u00fcre\u00e7lerimizin Temeline Yerle\u015ftiriyoruz","og_url":"https:\/\/dograr.com\/?page_id=988130","og_site_name":"Do\u011frar Metal Sanayi","article_modified_time":"2026-04-06T13:22:41+00:00","og_image":[{"url":"https:\/\/dograr.com\/wp-content\/uploads\/2026\/03\/dograr-metal-kalite-politikasi-702x1024.jpg","type":"","width":"","height":""}],"twitter_card":"summary_large_image","twitter_misc":{"Tahmini okuma s\u00fcresi":"1 dakika"},"schema":{"@context":"https:\/\/schema.org","@graph":[{"@type":"WebPage","@id":"https:\/\/dograr.com\/?page_id=988130","url":"https:\/\/dograr.com\/?page_id=988130","name":"Kalite Politikam\u0131z - Do\u011frar Metal Sanayi","isPartOf":{"@id":"https:\/\/dograr.com\/#website"},"primaryImageOfPage":{"@id":"https:\/\/dograr.com\/?page_id=988130#primaryimage"},"image":{"@id":"https:\/\/dograr.com\/?page_id=988130#primaryimage"},"thumbnailUrl":"https:\/\/dograr.com\/wp-content\/uploads\/2026\/03\/dograr-metal-kalite-politikasi-702x1024.jpg","datePublished":"2026-03-30T09:22:06+00:00","dateModified":"2026-04-06T13:22:41+00:00","breadcrumb":{"@id":"https:\/\/dograr.com\/?page_id=988130#breadcrumb"},"inLanguage":"tr","potentialAction":[{"@type":"ReadAction","target":["https:\/\/dograr.com\/?page_id=988130"]}]},{"@type":"ImageObject","inLanguage":"tr","@id":"https:\/\/dograr.com\/?page_id=988130#primaryimage","url":"https:\/\/dograr.com\/wp-content\/uploads\/2026\/03\/dograr-metal-kalite-politikasi-scaled.jpg","contentUrl":"https:\/\/dograr.com\/wp-content\/uploads\/2026\/03\/dograr-metal-kalite-politikasi-scaled.jpg","width":1754,"height":2560,"caption":"Screenshot"},{"@type":"BreadcrumbList","@id":"https:\/\/dograr.com\/?page_id=988130#breadcrumb","itemListElement":[{"@type":"ListItem","position":1,"name":"Anasayfa","item":"https:\/\/dograr.com\/"},{"@type":"ListItem","position":2,"name":"Kalite Politikam\u0131z"}]},{"@type":"WebSite","@id":"https:\/\/dograr.com\/#website","url":"https:\/\/dograr.com\/","name":"Do\u011frar Metal Sanayi","description":"","publisher":{"@id":"https:\/\/dograr.com\/#organization"},"potentialAction":[{"@type":"SearchAction","target":{"@type":"EntryPoint","urlTemplate":"https:\/\/dograr.com\/?s={search_term_string}"},"query-input":{"@type":"PropertyValueSpecification","valueRequired":true,"valueName":"search_term_string"}}],"inLanguage":"tr"},{"@type":"Organization","@id":"https:\/\/dograr.com\/#organization","name":"Do\u011frar Metal Sanayi","url":"https:\/\/dograr.com\/","logo":{"@type":"ImageObject","inLanguage":"tr","@id":"https:\/\/dograr.com\/#\/schema\/logo\/image\/","url":"https:\/\/dograr.com\/wp-content\/uploads\/2023\/07\/dograr-metal.svg","contentUrl":"https:\/\/dograr.com\/wp-content\/uploads\/2023\/07\/dograr-metal.svg","width":423,"height":133,"caption":"Do\u011frar Metal Sanayi"},"image":{"@id":"https:\/\/dograr.com\/#\/schema\/logo\/image\/"}}]}},"_links":{"self":[{"href":"https:\/\/dograr.com\/index.php?rest_route=\/wp\/v2\/pages\/988130","targetHints":{"allow":["GET"]}}],"collection":[{"href":"https:\/\/dograr.com\/index.php?rest_route=\/wp\/v2\/pages"}],"about":[{"href":"https:\/\/dograr.com\/index.php?rest_route=\/wp\/v2\/types\/page"}],"author":[{"embeddable":true,"href":"https:\/\/dograr.com\/index.php?rest_route=\/wp\/v2\/users\/1"}],"replies":[{"embeddable":true,"href":"https:\/\/dograr.com\/index.php?rest_route=%2Fwp%2Fv2%2Fcomments&post=988130"}],"version-history":[{"count":11,"href":"https:\/\/dograr.com\/index.php?rest_route=\/wp\/v2\/pages\/988130\/revisions"}],"predecessor-version":[{"id":988221,"href":"https:\/\/dograr.com\/index.php?rest_route=\/wp\/v2\/pages\/988130\/revisions\/988221"}],"wp:attachment":[{"href":"https:\/\/dograr.com\/index.php?rest_route=%2Fwp%2Fv2%2Fmedia&parent=988130"}],"curies":[{"name":"wp","href":"https:\/\/api.w.org\/{rel}","templated":true}]}}