{"id":987898,"date":"2026-03-14T09:32:12","date_gmt":"2026-03-14T09:32:12","guid":{"rendered":"https:\/\/dograr.com\/?page_id=987898"},"modified":"2026-03-14T10:00:18","modified_gmt":"2026-03-14T10:00:18","slug":"fotograflar","status":"publish","type":"page","link":"https:\/\/dograr.com\/?page_id=987898","title":{"rendered":"Foto\u011fraflar"},"content":{"rendered":"\t\t<div data-elementor-type=\"wp-page\" data-elementor-id=\"987898\" class=\"elementor elementor-987898\" data-elementor-post-type=\"page\">\n\t\t\t\t\t\t<section class=\"elementor-section elementor-top-section elementor-element elementor-element-59677b3 elementor-section-boxed elementor-section-height-default elementor-section-height-default\" data-id=\"59677b3\" data-element_type=\"section\" data-e-type=\"section\">\n\t\t\t\t\t\t<div class=\"elementor-container elementor-column-gap-no\">\n\t\t\t\t\t<div class=\"elementor-column elementor-col-100 elementor-top-column elementor-element elementor-element-a32df31\" data-id=\"a32df31\" data-element_type=\"column\" data-e-type=\"column\">\n\t\t\t<div class=\"elementor-widget-wrap elementor-element-populated\">\n\t\t\t\t\t\t<div class=\"elementor-element elementor-element-87e3fa2 elementor-widget__width-inherit elementor-invisible elementor-widget elementor-widget-heading\" data-id=\"87e3fa2\" data-element_type=\"widget\" data-e-type=\"widget\" data-settings=\"{&quot;_animation&quot;:&quot;fadeIn&quot;,&quot;_animation_tablet&quot;:&quot;none&quot;,&quot;_animation_delay&quot;:300}\" data-widget_type=\"heading.default\">\n\t\t\t\t<div class=\"elementor-widget-container\">\n\t\t\t\t\t<h5 class=\"elementor-heading-title elementor-size-default\">Fabrika<\/h5>\t\t\t\t<\/div>\n\t\t\t\t<\/div>\n\t\t\t\t<div class=\"elementor-element elementor-element-dea0587 elementor-pagination-position-outside elementor-widget elementor-widget-image-carousel\" data-id=\"dea0587\" data-element_type=\"widget\" data-e-type=\"widget\" data-settings=\"{&quot;slides_to_show&quot;:&quot;4&quot;,&quot;navigation&quot;:&quot;dots&quot;,&quot;autoplay&quot;:&quot;no&quot;,&quot;image_spacing_custom&quot;:{&quot;unit&quot;:&quot;px&quot;,&quot;size&quot;:30,&quot;sizes&quot;:[]},&quot;image_spacing_custom_tablet&quot;:{&quot;unit&quot;:&quot;px&quot;,&quot;size&quot;:20,&quot;sizes&quot;:[]},&quot;slides_to_show_mobile&quot;:&quot;2&quot;,&quot;image_spacing_custom_mobile&quot;:{&quot;unit&quot;:&quot;px&quot;,&quot;size&quot;:10,&quot;sizes&quot;:[]},&quot;infinite&quot;:&quot;yes&quot;,&quot;speed&quot;:500}\" data-widget_type=\"image-carousel.default\">\n\t\t\t\t<div class=\"elementor-widget-container\">\n\t\t\t\t\t\t\t<div class=\"elementor-image-carousel-wrapper swiper\" role=\"region\" aria-roledescription=\"carousel\" aria-label=\"Resim D\u00f6ng\u00fcs\u00fc\" dir=\"ltr\">\n\t\t\t<div class=\"elementor-image-carousel swiper-wrapper swiper-image-stretch\" aria-live=\"polite\">\n\t\t\t\t\t\t\t\t<div class=\"swiper-slide\" role=\"group\" aria-roledescription=\"slide\" aria-label=\"1 \/ 20\"><figure class=\"swiper-slide-inner\"><img decoding=\"async\" class=\"swiper-slide-image\" src=\"https:\/\/dograr.com\/wp-content\/uploads\/2026\/03\/dograr-metal-fabrika-25-2048x1536.jpg\" alt=\"dograr-metal-fabrika-25\" \/><\/figure><\/div><div class=\"swiper-slide\" role=\"group\" aria-roledescription=\"slide\" aria-label=\"2 \/ 20\"><figure class=\"swiper-slide-inner\"><img decoding=\"async\" class=\"swiper-slide-image\" src=\"https:\/\/dograr.com\/wp-content\/uploads\/2026\/03\/dograr-metal-fabrika-16-2048x1536.jpg\" alt=\"dograr-metal-fabrika-16\" \/><\/figure><\/div><div class=\"swiper-slide\" role=\"group\" aria-roledescription=\"slide\" aria-label=\"3 \/ 20\"><figure class=\"swiper-slide-inner\"><img decoding=\"async\" class=\"swiper-slide-image\" src=\"https:\/\/dograr.com\/wp-content\/uploads\/2026\/03\/dograr-metal-fabrika-2-2048x1536.jpg\" alt=\"dograr-metal-fabrika-2\" \/><\/figure><\/div><div class=\"swiper-slide\" role=\"group\" aria-roledescription=\"slide\" aria-label=\"4 \/ 20\"><figure class=\"swiper-slide-inner\"><img decoding=\"async\" class=\"swiper-slide-image\" src=\"https:\/\/dograr.com\/wp-content\/uploads\/2026\/03\/dograr-metal-fabrika-1-2048x1536.jpg\" alt=\"dograr-metal-fabrika-1\" \/><\/figure><\/div><div class=\"swiper-slide\" role=\"group\" aria-roledescription=\"slide\" aria-label=\"5 \/ 20\"><figure class=\"swiper-slide-inner\"><img decoding=\"async\" class=\"swiper-slide-image\" src=\"https:\/\/dograr.com\/wp-content\/uploads\/2026\/03\/dograr-metal-fabrika-11-2048x1536.jpg\" alt=\"dograr-metal-fabrika-11\" \/><\/figure><\/div><div class=\"swiper-slide\" role=\"group\" aria-roledescription=\"slide\" aria-label=\"6 \/ 20\"><figure class=\"swiper-slide-inner\"><img decoding=\"async\" class=\"swiper-slide-image\" src=\"https:\/\/dograr.com\/wp-content\/uploads\/2026\/03\/dograr-metal-fabrika-4-2048x1536.jpg\" alt=\"dograr-metal-fabrika-4\" \/><\/figure><\/div><div class=\"swiper-slide\" role=\"group\" aria-roledescription=\"slide\" aria-label=\"7 \/ 20\"><figure class=\"swiper-slide-inner\"><img decoding=\"async\" class=\"swiper-slide-image\" src=\"https:\/\/dograr.com\/wp-content\/uploads\/2026\/03\/dograr-metal-fabrika-15-2048x1536.jpg\" alt=\"dograr-metal-fabrika-15\" \/><\/figure><\/div><div class=\"swiper-slide\" role=\"group\" aria-roledescription=\"slide\" aria-label=\"8 \/ 20\"><figure class=\"swiper-slide-inner\"><img decoding=\"async\" class=\"swiper-slide-image\" src=\"https:\/\/dograr.com\/wp-content\/uploads\/2026\/03\/dograr-metal-fabrika-5-2048x1536.jpg\" alt=\"dograr-metal-fabrika-5\" \/><\/figure><\/div><div class=\"swiper-slide\" role=\"group\" aria-roledescription=\"slide\" aria-label=\"9 \/ 20\"><figure class=\"swiper-slide-inner\"><img decoding=\"async\" class=\"swiper-slide-image\" src=\"https:\/\/dograr.com\/wp-content\/uploads\/2026\/03\/dograr-metal-fabrika-23-2048x1536.jpg\" alt=\"dograr-metal-fabrika-23\" \/><\/figure><\/div><div class=\"swiper-slide\" role=\"group\" aria-roledescription=\"slide\" aria-label=\"10 \/ 20\"><figure class=\"swiper-slide-inner\"><img decoding=\"async\" class=\"swiper-slide-image\" src=\"https:\/\/dograr.com\/wp-content\/uploads\/2026\/03\/dograr-metal-fabrika-22-2048x1536.jpg\" alt=\"dograr-metal-fabrika-22\" \/><\/figure><\/div><div class=\"swiper-slide\" role=\"group\" aria-roledescription=\"slide\" aria-label=\"11 \/ 20\"><figure class=\"swiper-slide-inner\"><img decoding=\"async\" class=\"swiper-slide-image\" src=\"https:\/\/dograr.com\/wp-content\/uploads\/2026\/03\/dograr-metal-fabrika-21-2048x1536.jpg\" alt=\"dograr-metal-fabrika-21\" \/><\/figure><\/div><div class=\"swiper-slide\" role=\"group\" aria-roledescription=\"slide\" aria-label=\"12 \/ 20\"><figure class=\"swiper-slide-inner\"><img decoding=\"async\" class=\"swiper-slide-image\" src=\"https:\/\/dograr.com\/wp-content\/uploads\/2026\/03\/dograr-metal-fabrika-7-2048x1536.jpg\" alt=\"dograr-metal-fabrika-7\" \/><\/figure><\/div><div class=\"swiper-slide\" role=\"group\" aria-roledescription=\"slide\" aria-label=\"13 \/ 20\"><figure class=\"swiper-slide-inner\"><img decoding=\"async\" class=\"swiper-slide-image\" src=\"https:\/\/dograr.com\/wp-content\/uploads\/2026\/03\/dograr-metal-fabrika-8-2048x1536.jpg\" alt=\"dograr-metal-fabrika-8\" \/><\/figure><\/div><div class=\"swiper-slide\" role=\"group\" aria-roledescription=\"slide\" aria-label=\"14 \/ 20\"><figure class=\"swiper-slide-inner\"><img decoding=\"async\" class=\"swiper-slide-image\" src=\"https:\/\/dograr.com\/wp-content\/uploads\/2026\/03\/dograr-metal-fabrika-9-2048x1536.jpg\" alt=\"dograr-metal-fabrika-9\" \/><\/figure><\/div><div class=\"swiper-slide\" role=\"group\" aria-roledescription=\"slide\" aria-label=\"15 \/ 20\"><figure class=\"swiper-slide-inner\"><img decoding=\"async\" class=\"swiper-slide-image\" src=\"https:\/\/dograr.com\/wp-content\/uploads\/2026\/03\/dograr-metal-fabrika-12-2048x1536.jpg\" alt=\"dograr-metal-fabrika-12\" \/><\/figure><\/div><div class=\"swiper-slide\" role=\"group\" aria-roledescription=\"slide\" aria-label=\"16 \/ 20\"><figure class=\"swiper-slide-inner\"><img decoding=\"async\" class=\"swiper-slide-image\" src=\"https:\/\/dograr.com\/wp-content\/uploads\/2026\/03\/dograr-metal-fabrika-14-2048x1536.jpg\" alt=\"dograr-metal-fabrika-14\" \/><\/figure><\/div><div class=\"swiper-slide\" role=\"group\" aria-roledescription=\"slide\" aria-label=\"17 \/ 20\"><figure class=\"swiper-slide-inner\"><img decoding=\"async\" class=\"swiper-slide-image\" src=\"https:\/\/dograr.com\/wp-content\/uploads\/2026\/03\/dograr-metal-fabrika-17-2048x1536.jpg\" alt=\"dograr-metal-fabrika-17\" \/><\/figure><\/div><div class=\"swiper-slide\" role=\"group\" aria-roledescription=\"slide\" aria-label=\"18 \/ 20\"><figure class=\"swiper-slide-inner\"><img decoding=\"async\" class=\"swiper-slide-image\" src=\"https:\/\/dograr.com\/wp-content\/uploads\/2026\/03\/dograr-metal-fabrika-18-2048x1536.jpg\" alt=\"dograr-metal-fabrika-18\" \/><\/figure><\/div><div class=\"swiper-slide\" role=\"group\" aria-roledescription=\"slide\" aria-label=\"19 \/ 20\"><figure class=\"swiper-slide-inner\"><img decoding=\"async\" class=\"swiper-slide-image\" src=\"https:\/\/dograr.com\/wp-content\/uploads\/2026\/03\/dograr-metal-fabrika-19-2048x1536.jpg\" alt=\"dograr-metal-fabrika-19\" \/><\/figure><\/div><div class=\"swiper-slide\" role=\"group\" aria-roledescription=\"slide\" aria-label=\"20 \/ 20\"><figure class=\"swiper-slide-inner\"><img decoding=\"async\" class=\"swiper-slide-image\" src=\"https:\/\/dograr.com\/wp-content\/uploads\/2026\/03\/dograr-metal-fabrika-20-2048x1536.jpg\" alt=\"dograr-metal-fabrika-20\" \/><\/figure><\/div>\t\t\t<\/div>\n\t\t\t\t\t\t\t\n\t\t\t\t\t\t\t\t\t<div class=\"swiper-pagination\"><\/div>\n\t\t\t\t\t\t\t\t\t<\/div>\n\t\t\t\t\t\t<\/div>\n\t\t\t\t<\/div>\n\t\t\t\t\t<\/div>\n\t\t<\/div>\n\t\t\t\t\t<\/div>\n\t\t<\/section>\n\t\t\t\t<section class=\"elementor-section elementor-top-section elementor-element elementor-element-a48b247 elementor-section-boxed elementor-section-height-default elementor-section-height-default\" data-id=\"a48b247\" data-element_type=\"section\" data-e-type=\"section\">\n\t\t\t\t\t\t<div class=\"elementor-container elementor-column-gap-default\">\n\t\t\t\t\t<div class=\"elementor-column elementor-col-100 elementor-top-column elementor-element elementor-element-f540283\" data-id=\"f540283\" data-element_type=\"column\" data-e-type=\"column\">\n\t\t\t<div class=\"elementor-widget-wrap elementor-element-populated\">\n\t\t\t\t\t\t<div class=\"elementor-element elementor-element-e917cef elementor-widget__width-inherit elementor-invisible elementor-widget elementor-widget-heading\" data-id=\"e917cef\" data-element_type=\"widget\" data-e-type=\"widget\" data-settings=\"{&quot;_animation&quot;:&quot;fadeIn&quot;,&quot;_animation_tablet&quot;:&quot;none&quot;,&quot;_animation_delay&quot;:300}\" data-widget_type=\"heading.default\">\n\t\t\t\t<div class=\"elementor-widget-container\">\n\t\t\t\t\t<h5 class=\"elementor-heading-title elementor-size-default\">\u00dcretimin \u0130zleri<\/h5>\t\t\t\t<\/div>\n\t\t\t\t<\/div>\n\t\t\t\t<div class=\"elementor-element elementor-element-745d8b1 elementor-pagination-position-outside elementor-widget elementor-widget-image-carousel\" data-id=\"745d8b1\" data-element_type=\"widget\" data-e-type=\"widget\" data-settings=\"{&quot;slides_to_show&quot;:&quot;3&quot;,&quot;navigation&quot;:&quot;dots&quot;,&quot;autoplay&quot;:&quot;no&quot;,&quot;image_spacing_custom&quot;:{&quot;unit&quot;:&quot;px&quot;,&quot;size&quot;:30,&quot;sizes&quot;:[]},&quot;image_spacing_custom_tablet&quot;:{&quot;unit&quot;:&quot;px&quot;,&quot;size&quot;:20,&quot;sizes&quot;:[]},&quot;slides_to_show_mobile&quot;:&quot;2&quot;,&quot;image_spacing_custom_mobile&quot;:{&quot;unit&quot;:&quot;px&quot;,&quot;size&quot;:10,&quot;sizes&quot;:[]},&quot;infinite&quot;:&quot;yes&quot;,&quot;speed&quot;:500}\" data-widget_type=\"image-carousel.default\">\n\t\t\t\t<div class=\"elementor-widget-container\">\n\t\t\t\t\t\t\t<div class=\"elementor-image-carousel-wrapper swiper\" role=\"region\" aria-roledescription=\"carousel\" aria-label=\"Resim D\u00f6ng\u00fcs\u00fc\" dir=\"ltr\">\n\t\t\t<div class=\"elementor-image-carousel swiper-wrapper swiper-image-stretch\" aria-live=\"polite\">\n\t\t\t\t\t\t\t\t<div class=\"swiper-slide\" role=\"group\" aria-roledescription=\"slide\" aria-label=\"1 \/ 6\"><figure class=\"swiper-slide-inner\"><img decoding=\"async\" class=\"swiper-slide-image\" src=\"https:\/\/dograr.com\/wp-content\/uploads\/2023\/09\/mastars-Zx1dexBPij8-unsplash.jpg\" alt=\"mastars-Zx1dexBPij8-unsplash\" \/><\/figure><\/div><div class=\"swiper-slide\" role=\"group\" aria-roledescription=\"slide\" aria-label=\"2 \/ 6\"><figure class=\"swiper-slide-inner\"><img decoding=\"async\" class=\"swiper-slide-image\" src=\"https:\/\/dograr.com\/wp-content\/uploads\/2023\/09\/gettyimages-484124824-2048x2048-1.jpg\" alt=\"gettyimages-484124824-2048x2048\" \/><\/figure><\/div><div class=\"swiper-slide\" role=\"group\" aria-roledescription=\"slide\" aria-label=\"3 \/ 6\"><figure class=\"swiper-slide-inner\"><img decoding=\"async\" class=\"swiper-slide-image\" src=\"https:\/\/dograr.com\/wp-content\/uploads\/2023\/09\/mastars-e5NE6ebtskI-unsplash.jpg\" alt=\"mastars-e5NE6ebtskI-unsplash\" \/><\/figure><\/div><div class=\"swiper-slide\" role=\"group\" aria-roledescription=\"slide\" aria-label=\"4 \/ 6\"><figure class=\"swiper-slide-inner\"><img decoding=\"async\" class=\"swiper-slide-image\" src=\"https:\/\/dograr.com\/wp-content\/uploads\/2023\/09\/mastars-cJpvBX_gNrg-unsplash.jpg\" alt=\"mastars-cJpvBX_gNrg-unsplash\" \/><\/figure><\/div><div class=\"swiper-slide\" role=\"group\" aria-roledescription=\"slide\" aria-label=\"5 \/ 6\"><figure class=\"swiper-slide-inner\"><img decoding=\"async\" class=\"swiper-slide-image\" src=\"https:\/\/dograr.com\/wp-content\/uploads\/2023\/09\/mastars-DkapXPvMk4c-unsplash.jpg\" alt=\"mastars-DkapXPvMk4c-unsplash\" \/><\/figure><\/div><div class=\"swiper-slide\" role=\"group\" aria-roledescription=\"slide\" aria-label=\"6 \/ 6\"><figure class=\"swiper-slide-inner\"><img decoding=\"async\" class=\"swiper-slide-image\" src=\"https:\/\/dograr.com\/wp-content\/uploads\/2023\/09\/mastars-T7VpjSjBBg0-unsplash-1.jpg\" alt=\"mastars-T7VpjSjBBg0-unsplash-(1)\" \/><\/figure><\/div>\t\t\t<\/div>\n\t\t\t\t\t\t\t\n\t\t\t\t\t\t\t\t\t<div class=\"swiper-pagination\"><\/div>\n\t\t\t\t\t\t\t\t\t<\/div>\n\t\t\t\t\t\t<\/div>\n\t\t\t\t<\/div>\n\t\t\t\t\t<\/div>\n\t\t<\/div>\n\t\t\t\t\t<\/div>\n\t\t<\/section>\n\t\t\t\t<\/div>\n\t\t","protected":false},"excerpt":{"rendered":"<p>\u00dcretimin Karelere Yans\u0131mas\u0131<\/p>\n","protected":false},"author":1,"featured_media":0,"parent":0,"menu_order":0,"comment_status":"closed","ping_status":"closed","template":"","meta":{"inline_featured_image":false,"footnotes":""},"class_list":["post-987898","page","type-page","status-publish","hentry"],"yoast_head":"<!-- This site is optimized with the Yoast SEO plugin v27.1.1 - https:\/\/yoast.com\/product\/yoast-seo-wordpress\/ -->\n<title>Foto\u011fraflar - Do\u011frar Metal Sanayi<\/title>\n<meta name=\"robots\" content=\"index, follow, max-snippet:-1, max-image-preview:large, max-video-preview:-1\" \/>\n<link rel=\"canonical\" href=\"https:\/\/dograr.com\/?page_id=987898\" \/>\n<meta property=\"og:locale\" content=\"tr_TR\" \/>\n<meta property=\"og:type\" content=\"article\" \/>\n<meta property=\"og:title\" content=\"Foto\u011fraflar - Do\u011frar Metal Sanayi\" \/>\n<meta property=\"og:description\" content=\"\u00dcretimin Karelere Yans\u0131mas\u0131\" \/>\n<meta property=\"og:url\" content=\"https:\/\/dograr.com\/?page_id=987898\" \/>\n<meta property=\"og:site_name\" content=\"Do\u011frar Metal Sanayi\" \/>\n<meta property=\"article:modified_time\" content=\"2026-03-14T10:00:18+00:00\" \/>\n<meta property=\"og:image\" content=\"https:\/\/dograr.com\/wp-content\/uploads\/2026\/03\/dograr-metal-fabrika-25-2048x1536.jpg\" \/>\n<meta name=\"twitter:card\" content=\"summary_large_image\" \/>\n<meta name=\"twitter:label1\" content=\"Tahmini okuma s\u00fcresi\" \/>\n\t<meta name=\"twitter:data1\" content=\"9 dakika\" \/>\n<script type=\"application\/ld+json\" class=\"yoast-schema-graph\">{\"@context\":\"https:\/\/schema.org\",\"@graph\":[{\"@type\":\"WebPage\",\"@id\":\"https:\/\/dograr.com\/?page_id=987898\",\"url\":\"https:\/\/dograr.com\/?page_id=987898\",\"name\":\"Foto\u011fraflar - Do\u011frar Metal Sanayi\",\"isPartOf\":{\"@id\":\"https:\/\/dograr.com\/#website\"},\"primaryImageOfPage\":{\"@id\":\"https:\/\/dograr.com\/?page_id=987898#primaryimage\"},\"image\":{\"@id\":\"https:\/\/dograr.com\/?page_id=987898#primaryimage\"},\"thumbnailUrl\":\"https:\/\/dograr.com\/wp-content\/uploads\/2026\/03\/dograr-metal-fabrika-25-2048x1536.jpg\",\"datePublished\":\"2026-03-14T09:32:12+00:00\",\"dateModified\":\"2026-03-14T10:00:18+00:00\",\"breadcrumb\":{\"@id\":\"https:\/\/dograr.com\/?page_id=987898#breadcrumb\"},\"inLanguage\":\"tr\",\"potentialAction\":[{\"@type\":\"ReadAction\",\"target\":[\"https:\/\/dograr.com\/?page_id=987898\"]}]},{\"@type\":\"ImageObject\",\"inLanguage\":\"tr\",\"@id\":\"https:\/\/dograr.com\/?page_id=987898#primaryimage\",\"url\":\"https:\/\/dograr.com\/wp-content\/uploads\/2026\/03\/dograr-metal-fabrika-25-scaled.jpg\",\"contentUrl\":\"https:\/\/dograr.com\/wp-content\/uploads\/2026\/03\/dograr-metal-fabrika-25-scaled.jpg\",\"width\":2560,\"height\":1920},{\"@type\":\"BreadcrumbList\",\"@id\":\"https:\/\/dograr.com\/?page_id=987898#breadcrumb\",\"itemListElement\":[{\"@type\":\"ListItem\",\"position\":1,\"name\":\"Anasayfa\",\"item\":\"https:\/\/dograr.com\/\"},{\"@type\":\"ListItem\",\"position\":2,\"name\":\"Foto\u011fraflar\"}]},{\"@type\":\"WebSite\",\"@id\":\"https:\/\/dograr.com\/#website\",\"url\":\"https:\/\/dograr.com\/\",\"name\":\"Do\u011frar Metal Sanayi\",\"description\":\"\",\"publisher\":{\"@id\":\"https:\/\/dograr.com\/#organization\"},\"potentialAction\":[{\"@type\":\"SearchAction\",\"target\":{\"@type\":\"EntryPoint\",\"urlTemplate\":\"https:\/\/dograr.com\/?s={search_term_string}\"},\"query-input\":{\"@type\":\"PropertyValueSpecification\",\"valueRequired\":true,\"valueName\":\"search_term_string\"}}],\"inLanguage\":\"tr\"},{\"@type\":\"Organization\",\"@id\":\"https:\/\/dograr.com\/#organization\",\"name\":\"Do\u011frar Metal Sanayi\",\"url\":\"https:\/\/dograr.com\/\",\"logo\":{\"@type\":\"ImageObject\",\"inLanguage\":\"tr\",\"@id\":\"https:\/\/dograr.com\/#\/schema\/logo\/image\/\",\"url\":\"https:\/\/dograr.com\/wp-content\/uploads\/2023\/07\/dograr-metal.svg\",\"contentUrl\":\"https:\/\/dograr.com\/wp-content\/uploads\/2023\/07\/dograr-metal.svg\",\"width\":423,\"height\":133,\"caption\":\"Do\u011frar Metal Sanayi\"},\"image\":{\"@id\":\"https:\/\/dograr.com\/#\/schema\/logo\/image\/\"}}]}<\/script>\n<!-- \/ Yoast SEO plugin. -->","yoast_head_json":{"title":"Foto\u011fraflar - Do\u011frar Metal Sanayi","robots":{"index":"index","follow":"follow","max-snippet":"max-snippet:-1","max-image-preview":"max-image-preview:large","max-video-preview":"max-video-preview:-1"},"canonical":"https:\/\/dograr.com\/?page_id=987898","og_locale":"tr_TR","og_type":"article","og_title":"Foto\u011fraflar - Do\u011frar Metal Sanayi","og_description":"\u00dcretimin Karelere Yans\u0131mas\u0131","og_url":"https:\/\/dograr.com\/?page_id=987898","og_site_name":"Do\u011frar Metal Sanayi","article_modified_time":"2026-03-14T10:00:18+00:00","og_image":[{"url":"https:\/\/dograr.com\/wp-content\/uploads\/2026\/03\/dograr-metal-fabrika-25-2048x1536.jpg","type":"","width":"","height":""}],"twitter_card":"summary_large_image","twitter_misc":{"Tahmini okuma s\u00fcresi":"9 dakika"},"schema":{"@context":"https:\/\/schema.org","@graph":[{"@type":"WebPage","@id":"https:\/\/dograr.com\/?page_id=987898","url":"https:\/\/dograr.com\/?page_id=987898","name":"Foto\u011fraflar - Do\u011frar Metal Sanayi","isPartOf":{"@id":"https:\/\/dograr.com\/#website"},"primaryImageOfPage":{"@id":"https:\/\/dograr.com\/?page_id=987898#primaryimage"},"image":{"@id":"https:\/\/dograr.com\/?page_id=987898#primaryimage"},"thumbnailUrl":"https:\/\/dograr.com\/wp-content\/uploads\/2026\/03\/dograr-metal-fabrika-25-2048x1536.jpg","datePublished":"2026-03-14T09:32:12+00:00","dateModified":"2026-03-14T10:00:18+00:00","breadcrumb":{"@id":"https:\/\/dograr.com\/?page_id=987898#breadcrumb"},"inLanguage":"tr","potentialAction":[{"@type":"ReadAction","target":["https:\/\/dograr.com\/?page_id=987898"]}]},{"@type":"ImageObject","inLanguage":"tr","@id":"https:\/\/dograr.com\/?page_id=987898#primaryimage","url":"https:\/\/dograr.com\/wp-content\/uploads\/2026\/03\/dograr-metal-fabrika-25-scaled.jpg","contentUrl":"https:\/\/dograr.com\/wp-content\/uploads\/2026\/03\/dograr-metal-fabrika-25-scaled.jpg","width":2560,"height":1920},{"@type":"BreadcrumbList","@id":"https:\/\/dograr.com\/?page_id=987898#breadcrumb","itemListElement":[{"@type":"ListItem","position":1,"name":"Anasayfa","item":"https:\/\/dograr.com\/"},{"@type":"ListItem","position":2,"name":"Foto\u011fraflar"}]},{"@type":"WebSite","@id":"https:\/\/dograr.com\/#website","url":"https:\/\/dograr.com\/","name":"Do\u011frar Metal Sanayi","description":"","publisher":{"@id":"https:\/\/dograr.com\/#organization"},"potentialAction":[{"@type":"SearchAction","target":{"@type":"EntryPoint","urlTemplate":"https:\/\/dograr.com\/?s={search_term_string}"},"query-input":{"@type":"PropertyValueSpecification","valueRequired":true,"valueName":"search_term_string"}}],"inLanguage":"tr"},{"@type":"Organization","@id":"https:\/\/dograr.com\/#organization","name":"Do\u011frar Metal Sanayi","url":"https:\/\/dograr.com\/","logo":{"@type":"ImageObject","inLanguage":"tr","@id":"https:\/\/dograr.com\/#\/schema\/logo\/image\/","url":"https:\/\/dograr.com\/wp-content\/uploads\/2023\/07\/dograr-metal.svg","contentUrl":"https:\/\/dograr.com\/wp-content\/uploads\/2023\/07\/dograr-metal.svg","width":423,"height":133,"caption":"Do\u011frar Metal Sanayi"},"image":{"@id":"https:\/\/dograr.com\/#\/schema\/logo\/image\/"}}]}},"_links":{"self":[{"href":"https:\/\/dograr.com\/index.php?rest_route=\/wp\/v2\/pages\/987898","targetHints":{"allow":["GET"]}}],"collection":[{"href":"https:\/\/dograr.com\/index.php?rest_route=\/wp\/v2\/pages"}],"about":[{"href":"https:\/\/dograr.com\/index.php?rest_route=\/wp\/v2\/types\/page"}],"author":[{"embeddable":true,"href":"https:\/\/dograr.com\/index.php?rest_route=\/wp\/v2\/users\/1"}],"replies":[{"embeddable":true,"href":"https:\/\/dograr.com\/index.php?rest_route=%2Fwp%2Fv2%2Fcomments&post=987898"}],"version-history":[{"count":11,"href":"https:\/\/dograr.com\/index.php?rest_route=\/wp\/v2\/pages\/987898\/revisions"}],"predecessor-version":[{"id":987946,"href":"https:\/\/dograr.com\/index.php?rest_route=\/wp\/v2\/pages\/987898\/revisions\/987946"}],"wp:attachment":[{"href":"https:\/\/dograr.com\/index.php?rest_route=%2Fwp%2Fv2%2Fmedia&parent=987898"}],"curies":[{"name":"wp","href":"https:\/\/api.w.org\/{rel}","templated":true}]}}