{"id":583,"date":"2026-03-03T17:43:05","date_gmt":"2026-03-03T17:43:05","guid":{"rendered":"https:\/\/fabrik.vamtam.com\/?page_id=583"},"modified":"2026-04-06T08:14:09","modified_gmt":"2026-04-06T08:14:09","slug":"robotik-kaynak","status":"publish","type":"page","link":"https:\/\/dograr.com\/?page_id=583","title":{"rendered":"Robotik Kaynak"},"content":{"rendered":"\t\t<div data-elementor-type=\"wp-page\" data-elementor-id=\"583\" class=\"elementor elementor-583\" data-elementor-post-type=\"page\">\n\t\t\t\t\t\t<section class=\"elementor-section elementor-top-section elementor-element elementor-element-4d206a9f elementor-section-boxed elementor-section-height-default elementor-section-height-default\" data-id=\"4d206a9f\" data-element_type=\"section\" data-e-type=\"section\">\n\t\t\t\t\t\t<div class=\"elementor-container elementor-column-gap-no\">\n\t\t\t\t\t<div class=\"elementor-column elementor-col-33 elementor-top-column elementor-element elementor-element-3f9f8e47 elementor-hidden-mobile\" data-id=\"3f9f8e47\" data-element_type=\"column\" data-e-type=\"column\">\n\t\t\t<div class=\"elementor-widget-wrap elementor-element-populated\">\n\t\t\t\t\t\t<div class=\"elementor-element elementor-element-350fb66 elementor-widget elementor-widget-spacer\" data-id=\"350fb66\" data-element_type=\"widget\" data-e-type=\"widget\" data-widget_type=\"spacer.default\">\n\t\t\t\t<div class=\"elementor-widget-container\">\n\t\t\t\t\t\t\t<div class=\"elementor-spacer\">\n\t\t\t<div class=\"elementor-spacer-inner\"><\/div>\n\t\t<\/div>\n\t\t\t\t\t\t<\/div>\n\t\t\t\t<\/div>\n\t\t\t\t\t<\/div>\n\t\t<\/div>\n\t\t\t\t<div class=\"elementor-column elementor-col-33 elementor-top-column elementor-element elementor-element-4ca25b63 elementor-hidden-mobile\" data-id=\"4ca25b63\" data-element_type=\"column\" data-e-type=\"column\">\n\t\t\t<div class=\"elementor-widget-wrap elementor-element-populated\">\n\t\t\t\t\t\t<div class=\"elementor-element elementor-element-1a698516 elementor-widget elementor-widget-spacer\" data-id=\"1a698516\" data-element_type=\"widget\" data-e-type=\"widget\" data-widget_type=\"spacer.default\">\n\t\t\t\t<div class=\"elementor-widget-container\">\n\t\t\t\t\t\t\t<div class=\"elementor-spacer\">\n\t\t\t<div class=\"elementor-spacer-inner\"><\/div>\n\t\t<\/div>\n\t\t\t\t\t\t<\/div>\n\t\t\t\t<\/div>\n\t\t\t\t\t<\/div>\n\t\t<\/div>\n\t\t\t\t<div class=\"elementor-column elementor-col-33 elementor-top-column elementor-element elementor-element-6a749883 elementor-hidden-mobile\" data-id=\"6a749883\" data-element_type=\"column\" data-e-type=\"column\">\n\t\t\t<div class=\"elementor-widget-wrap elementor-element-populated\">\n\t\t\t\t\t\t<div class=\"elementor-element elementor-element-f1fde6a elementor-widget elementor-widget-spacer\" data-id=\"f1fde6a\" data-element_type=\"widget\" data-e-type=\"widget\" data-widget_type=\"spacer.default\">\n\t\t\t\t<div class=\"elementor-widget-container\">\n\t\t\t\t\t\t\t<div class=\"elementor-spacer\">\n\t\t\t<div class=\"elementor-spacer-inner\"><\/div>\n\t\t<\/div>\n\t\t\t\t\t\t<\/div>\n\t\t\t\t<\/div>\n\t\t\t\t\t<\/div>\n\t\t<\/div>\n\t\t\t\t\t<\/div>\n\t\t<\/section>\n\t\t\t\t<section class=\"elementor-section elementor-top-section elementor-element elementor-element-2ee38e3b elementor-section-boxed elementor-section-height-default elementor-section-height-default\" data-id=\"2ee38e3b\" data-element_type=\"section\" data-e-type=\"section\">\n\t\t\t\t\t\t<div class=\"elementor-container elementor-column-gap-no\">\n\t\t\t\t\t<div class=\"elementor-column elementor-col-33 elementor-top-column elementor-element elementor-element-5dcaf42e\" data-id=\"5dcaf42e\" data-element_type=\"column\" data-e-type=\"column\" data-settings=\"{&quot;background_background&quot;:&quot;classic&quot;}\">\n\t\t\t<div class=\"elementor-widget-wrap elementor-element-populated\">\n\t\t\t\t\t\t<div class=\"elementor-element elementor-element-528f3497 elementor-widget elementor-widget-text-editor\" data-id=\"528f3497\" data-element_type=\"widget\" data-e-type=\"widget\" data-widget_type=\"text-editor.default\">\n\t\t\t\t<div class=\"elementor-widget-container\">\n\t\t\t\t\t\t\t\t\t<p class=\"p1\">Robotik kaynak sistemlerimizle, end\u00fcstriyel \u00fcretim s\u00fcre\u00e7lerinde y\u00fcksek hassasiyet ve tekrarlanabilir kalite standartlar\u0131nda \u00e7\u00f6z\u00fcmler sunuyoruz. Otomatik kaynak teknolojisi sayesinde par\u00e7a geometrisine ve malzeme \u00f6zelliklerine uygun parametreler optimize edilir; b\u00f6ylece her \u00fcretim d\u00f6ng\u00fcs\u00fcnde tutarl\u0131 kaynak diki\u015fi elde edilir. Robotik kaynak uygulamalar\u0131m\u0131z, seri \u00fcretimde s\u00fcreklili\u011fi art\u0131r\u0131rken insan kaynakl\u0131 de\u011fi\u015fkenlikleri minimuma indirir ve \u00fcretim verimlili\u011fini y\u00fckseltir.<\/p><p class=\"p1\">Boru, profil ve sac metal par\u00e7alar\u0131n birle\u015ftirme s\u00fcre\u00e7lerinde kullan\u0131lan robotik kaynak altyap\u0131m\u0131z; dayan\u0131kl\u0131l\u0131\u011f\u0131 y\u00fcksek, montaja haz\u0131r ve standartlara uygun bile\u015fenler \u00fcretmemizi sa\u011flar. End\u00fcstriyel kaynak operasyonlar\u0131nda h\u0131z, \u00f6l\u00e7\u00fc do\u011frulu\u011fu ve y\u00fczey kalitesi ayn\u0131 anda korunur. Bu sistematik yakla\u015f\u0131m sayesinde hem d\u00fc\u015f\u00fck adetli projelerde hem de y\u00fcksek hacimli seri \u00fcretim \u00e7al\u0131\u015fmalar\u0131nda g\u00fcvenilir, s\u00fcrd\u00fcr\u00fclebilir ve kalite odakl\u0131 \u00fcretim ger\u00e7ekle\u015ftiriyoruz.<\/p><p class=\"p1\">Do\u011frar Metal olarak robotik kaynak \u00e7\u00f6z\u00fcmlerimizi; modern \u00fcretim teknolojileri, kalite kontrol s\u00fcre\u00e7leri ve entegre \u00fcretim planlamas\u0131 ile destekliyor, m\u00fc\u015fterilerimize uzun \u00f6m\u00fcrl\u00fc ve y\u00fcksek performansl\u0131 metal bile\u015fenler sunuyoruz.<\/p>\t\t\t\t\t\t\t\t<\/div>\n\t\t\t\t<\/div>\n\t\t\t\t\t<\/div>\n\t\t<\/div>\n\t\t\t\t<div class=\"elementor-column elementor-col-33 elementor-top-column elementor-element elementor-element-7de33da5\" data-id=\"7de33da5\" data-element_type=\"column\" data-e-type=\"column\">\n\t\t\t<div class=\"elementor-widget-wrap elementor-element-populated\">\n\t\t\t\t\t\t<div class=\"elementor-element elementor-element-32b288af elementor-widget elementor-widget-image\" data-id=\"32b288af\" data-element_type=\"widget\" data-e-type=\"widget\" data-settings=\"{&quot;motion_fx_motion_fx_scrolling&quot;:&quot;yes&quot;,&quot;motion_fx_translateY_effect&quot;:&quot;yes&quot;,&quot;motion_fx_translateY_speed&quot;:{&quot;unit&quot;:&quot;px&quot;,&quot;size&quot;:1,&quot;sizes&quot;:[]},&quot;motion_fx_devices&quot;:[&quot;desktop&quot;],&quot;motion_fx_translateY_direction&quot;:&quot;negative&quot;,&quot;motion_fx_translateY_affectedRange&quot;:{&quot;unit&quot;:&quot;%&quot;,&quot;size&quot;:&quot;&quot;,&quot;sizes&quot;:{&quot;start&quot;:0,&quot;end&quot;:100}}}\" data-widget_type=\"image.default\">\n\t\t\t\t<div class=\"elementor-widget-container\">\n\t\t\t\t\t\t\t\t\t\t\t\t\t\t\t<img fetchpriority=\"high\" decoding=\"async\" width=\"705\" height=\"1024\" src=\"https:\/\/dograr.com\/wp-content\/uploads\/2026\/03\/dograr-metal-robot-welding-2-705x1024.jpg\" class=\"attachment-large size-large wp-image-987859\" alt=\"\" srcset=\"https:\/\/dograr.com\/wp-content\/uploads\/2026\/03\/dograr-metal-robot-welding-2-705x1024.jpg 705w, https:\/\/dograr.com\/wp-content\/uploads\/2026\/03\/dograr-metal-robot-welding-2-206x300.jpg 206w, https:\/\/dograr.com\/wp-content\/uploads\/2026\/03\/dograr-metal-robot-welding-2.jpg 728w\" sizes=\"(max-width: 705px) 100vw, 705px\" \/>\t\t\t\t\t\t\t\t\t\t\t\t\t\t\t<\/div>\n\t\t\t\t<\/div>\n\t\t\t\t\t<\/div>\n\t\t<\/div>\n\t\t\t\t<div class=\"elementor-column elementor-col-33 elementor-top-column elementor-element elementor-element-11cc8785\" data-id=\"11cc8785\" data-element_type=\"column\" data-e-type=\"column\">\n\t\t\t<div class=\"elementor-widget-wrap elementor-element-populated\">\n\t\t\t\t\t\t<div class=\"elementor-element elementor-element-fad37c1 elementor-widget elementor-widget-video\" data-id=\"fad37c1\" data-element_type=\"widget\" data-e-type=\"widget\" data-settings=\"{&quot;video_type&quot;:&quot;hosted&quot;,&quot;autoplay&quot;:&quot;yes&quot;,&quot;mute&quot;:&quot;yes&quot;,&quot;loop&quot;:&quot;yes&quot;}\" data-widget_type=\"video.default\">\n\t\t\t\t<div class=\"elementor-widget-container\">\n\t\t\t\t\t\t\t<div class=\"e-hosted-video elementor-wrapper elementor-open-inline\">\n\t\t\t\t\t<video class=\"elementor-video\" src=\"https:\/\/dograr.com\\\/wp-content\/uploads\/2026\/03\/dograr-metal-robot-welding-3.mp4\" autoplay=\"\" loop=\"\" muted=\"muted\" controlsList=\"nodownload\"><\/video>\n\t\t\t\t<\/div>\n\t\t\t\t\t\t<\/div>\n\t\t\t\t<\/div>\n\t\t\t\t\t<\/div>\n\t\t<\/div>\n\t\t\t\t\t<\/div>\n\t\t<\/section>\n\t\t\t\t<\/div>\n\t\t","protected":false},"excerpt":{"rendered":"<p>Robotik kaynak sistemlerimizle, end\u00fcstriyel \u00fcretim s\u00fcre\u00e7lerinde y\u00fcksek hassasiyet ve tekrarlanabilir kalite standartlar\u0131nda \u00e7\u00f6z\u00fcmler sunuyoruz. Otomatik kaynak teknolojisi sayesinde par\u00e7a geometrisine ve malzeme \u00f6zelliklerine uygun parametreler optimize edilir; b\u00f6ylece her \u00fcretim d\u00f6ng\u00fcs\u00fcnde tutarl\u0131 kaynak diki\u015fi elde edilir. Robotik kaynak uygulamalar\u0131m\u0131z, seri \u00fcretimde s\u00fcreklili\u011fi art\u0131r\u0131rken insan kaynakl\u0131 de\u011fi\u015fkenlikleri minimuma indirir ve \u00fcretim verimlili\u011fini y\u00fckseltir. Boru, profil ve&#8230;<\/p>\n","protected":false},"author":1,"featured_media":0,"parent":138,"menu_order":0,"comment_status":"closed","ping_status":"closed","template":"","meta":{"inline_featured_image":false,"footnotes":""},"class_list":["post-583","page","type-page","status-publish","hentry"],"yoast_head":"<!-- This site is optimized with the Yoast SEO plugin v27.1.1 - https:\/\/yoast.com\/product\/yoast-seo-wordpress\/ -->\n<title>Robotik Kaynak - Do\u011frar Metal Sanayi<\/title>\n<meta name=\"robots\" content=\"index, follow, max-snippet:-1, max-image-preview:large, max-video-preview:-1\" \/>\n<link rel=\"canonical\" href=\"https:\/\/dograr.com\/?page_id=583\" \/>\n<meta property=\"og:locale\" content=\"tr_TR\" \/>\n<meta property=\"og:type\" content=\"article\" \/>\n<meta property=\"og:title\" content=\"Robotik Kaynak - Do\u011frar Metal Sanayi\" \/>\n<meta property=\"og:description\" content=\"Robotik kaynak sistemlerimizle, end\u00fcstriyel \u00fcretim s\u00fcre\u00e7lerinde y\u00fcksek hassasiyet ve tekrarlanabilir kalite standartlar\u0131nda \u00e7\u00f6z\u00fcmler sunuyoruz. Otomatik kaynak teknolojisi sayesinde par\u00e7a geometrisine ve malzeme \u00f6zelliklerine uygun parametreler optimize edilir; b\u00f6ylece her \u00fcretim d\u00f6ng\u00fcs\u00fcnde tutarl\u0131 kaynak diki\u015fi elde edilir. Robotik kaynak uygulamalar\u0131m\u0131z, seri \u00fcretimde s\u00fcreklili\u011fi art\u0131r\u0131rken insan kaynakl\u0131 de\u011fi\u015fkenlikleri minimuma indirir ve \u00fcretim verimlili\u011fini y\u00fckseltir. Boru, profil ve...\" \/>\n<meta property=\"og:url\" content=\"https:\/\/dograr.com\/?page_id=583\" \/>\n<meta property=\"og:site_name\" content=\"Do\u011frar Metal Sanayi\" \/>\n<meta property=\"article:modified_time\" content=\"2026-04-06T08:14:09+00:00\" \/>\n<meta property=\"og:image\" content=\"https:\/\/dograr.com\/wp-content\/uploads\/2026\/03\/dograr-metal-robot-welding-2-705x1024.jpg\" \/>\n<meta name=\"twitter:card\" content=\"summary_large_image\" \/>\n<meta name=\"twitter:label1\" content=\"Tahmini okuma s\u00fcresi\" \/>\n\t<meta name=\"twitter:data1\" content=\"2 dakika\" \/>\n<script type=\"application\/ld+json\" class=\"yoast-schema-graph\">{\"@context\":\"https:\/\/schema.org\",\"@graph\":[{\"@type\":\"WebPage\",\"@id\":\"https:\/\/dograr.com\/?page_id=583\",\"url\":\"https:\/\/dograr.com\/?page_id=583\",\"name\":\"Robotik Kaynak - Do\u011frar Metal Sanayi\",\"isPartOf\":{\"@id\":\"https:\/\/dograr.com\/#website\"},\"primaryImageOfPage\":{\"@id\":\"https:\/\/dograr.com\/?page_id=583#primaryimage\"},\"image\":{\"@id\":\"https:\/\/dograr.com\/?page_id=583#primaryimage\"},\"thumbnailUrl\":\"https:\/\/dograr.com\/wp-content\/uploads\/2026\/03\/dograr-metal-robot-welding-2-705x1024.jpg\",\"datePublished\":\"2026-03-03T17:43:05+00:00\",\"dateModified\":\"2026-04-06T08:14:09+00:00\",\"breadcrumb\":{\"@id\":\"https:\/\/dograr.com\/?page_id=583#breadcrumb\"},\"inLanguage\":\"tr\",\"potentialAction\":[{\"@type\":\"ReadAction\",\"target\":[\"https:\/\/dograr.com\/?page_id=583\"]}]},{\"@type\":\"ImageObject\",\"inLanguage\":\"tr\",\"@id\":\"https:\/\/dograr.com\/?page_id=583#primaryimage\",\"url\":\"https:\/\/dograr.com\/wp-content\/uploads\/2026\/03\/dograr-metal-robot-welding-2.jpg\",\"contentUrl\":\"https:\/\/dograr.com\/wp-content\/uploads\/2026\/03\/dograr-metal-robot-welding-2.jpg\",\"width\":728,\"height\":1058},{\"@type\":\"BreadcrumbList\",\"@id\":\"https:\/\/dograr.com\/?page_id=583#breadcrumb\",\"itemListElement\":[{\"@type\":\"ListItem\",\"position\":1,\"name\":\"Anasayfa\",\"item\":\"https:\/\/dograr.com\/\"},{\"@type\":\"ListItem\",\"position\":2,\"name\":\"\u00c7\u00f6z\u00fcmler\",\"item\":\"https:\/\/dograr.com\/?page_id=138\"},{\"@type\":\"ListItem\",\"position\":3,\"name\":\"Robotik Kaynak\"}]},{\"@type\":\"WebSite\",\"@id\":\"https:\/\/dograr.com\/#website\",\"url\":\"https:\/\/dograr.com\/\",\"name\":\"Do\u011frar Metal Sanayi\",\"description\":\"\",\"publisher\":{\"@id\":\"https:\/\/dograr.com\/#organization\"},\"potentialAction\":[{\"@type\":\"SearchAction\",\"target\":{\"@type\":\"EntryPoint\",\"urlTemplate\":\"https:\/\/dograr.com\/?s={search_term_string}\"},\"query-input\":{\"@type\":\"PropertyValueSpecification\",\"valueRequired\":true,\"valueName\":\"search_term_string\"}}],\"inLanguage\":\"tr\"},{\"@type\":\"Organization\",\"@id\":\"https:\/\/dograr.com\/#organization\",\"name\":\"Do\u011frar Metal Sanayi\",\"url\":\"https:\/\/dograr.com\/\",\"logo\":{\"@type\":\"ImageObject\",\"inLanguage\":\"tr\",\"@id\":\"https:\/\/dograr.com\/#\/schema\/logo\/image\/\",\"url\":\"https:\/\/dograr.com\/wp-content\/uploads\/2023\/07\/dograr-metal.svg\",\"contentUrl\":\"https:\/\/dograr.com\/wp-content\/uploads\/2023\/07\/dograr-metal.svg\",\"width\":423,\"height\":133,\"caption\":\"Do\u011frar Metal Sanayi\"},\"image\":{\"@id\":\"https:\/\/dograr.com\/#\/schema\/logo\/image\/\"}}]}<\/script>\n<!-- \/ Yoast SEO plugin. -->","yoast_head_json":{"title":"Robotik Kaynak - Do\u011frar Metal Sanayi","robots":{"index":"index","follow":"follow","max-snippet":"max-snippet:-1","max-image-preview":"max-image-preview:large","max-video-preview":"max-video-preview:-1"},"canonical":"https:\/\/dograr.com\/?page_id=583","og_locale":"tr_TR","og_type":"article","og_title":"Robotik Kaynak - Do\u011frar Metal Sanayi","og_description":"Robotik kaynak sistemlerimizle, end\u00fcstriyel \u00fcretim s\u00fcre\u00e7lerinde y\u00fcksek hassasiyet ve tekrarlanabilir kalite standartlar\u0131nda \u00e7\u00f6z\u00fcmler sunuyoruz. Otomatik kaynak teknolojisi sayesinde par\u00e7a geometrisine ve malzeme \u00f6zelliklerine uygun parametreler optimize edilir; b\u00f6ylece her \u00fcretim d\u00f6ng\u00fcs\u00fcnde tutarl\u0131 kaynak diki\u015fi elde edilir. Robotik kaynak uygulamalar\u0131m\u0131z, seri \u00fcretimde s\u00fcreklili\u011fi art\u0131r\u0131rken insan kaynakl\u0131 de\u011fi\u015fkenlikleri minimuma indirir ve \u00fcretim verimlili\u011fini y\u00fckseltir. Boru, profil ve...","og_url":"https:\/\/dograr.com\/?page_id=583","og_site_name":"Do\u011frar Metal Sanayi","article_modified_time":"2026-04-06T08:14:09+00:00","og_image":[{"url":"https:\/\/dograr.com\/wp-content\/uploads\/2026\/03\/dograr-metal-robot-welding-2-705x1024.jpg","type":"","width":"","height":""}],"twitter_card":"summary_large_image","twitter_misc":{"Tahmini okuma s\u00fcresi":"2 dakika"},"schema":{"@context":"https:\/\/schema.org","@graph":[{"@type":"WebPage","@id":"https:\/\/dograr.com\/?page_id=583","url":"https:\/\/dograr.com\/?page_id=583","name":"Robotik Kaynak - Do\u011frar Metal Sanayi","isPartOf":{"@id":"https:\/\/dograr.com\/#website"},"primaryImageOfPage":{"@id":"https:\/\/dograr.com\/?page_id=583#primaryimage"},"image":{"@id":"https:\/\/dograr.com\/?page_id=583#primaryimage"},"thumbnailUrl":"https:\/\/dograr.com\/wp-content\/uploads\/2026\/03\/dograr-metal-robot-welding-2-705x1024.jpg","datePublished":"2026-03-03T17:43:05+00:00","dateModified":"2026-04-06T08:14:09+00:00","breadcrumb":{"@id":"https:\/\/dograr.com\/?page_id=583#breadcrumb"},"inLanguage":"tr","potentialAction":[{"@type":"ReadAction","target":["https:\/\/dograr.com\/?page_id=583"]}]},{"@type":"ImageObject","inLanguage":"tr","@id":"https:\/\/dograr.com\/?page_id=583#primaryimage","url":"https:\/\/dograr.com\/wp-content\/uploads\/2026\/03\/dograr-metal-robot-welding-2.jpg","contentUrl":"https:\/\/dograr.com\/wp-content\/uploads\/2026\/03\/dograr-metal-robot-welding-2.jpg","width":728,"height":1058},{"@type":"BreadcrumbList","@id":"https:\/\/dograr.com\/?page_id=583#breadcrumb","itemListElement":[{"@type":"ListItem","position":1,"name":"Anasayfa","item":"https:\/\/dograr.com\/"},{"@type":"ListItem","position":2,"name":"\u00c7\u00f6z\u00fcmler","item":"https:\/\/dograr.com\/?page_id=138"},{"@type":"ListItem","position":3,"name":"Robotik Kaynak"}]},{"@type":"WebSite","@id":"https:\/\/dograr.com\/#website","url":"https:\/\/dograr.com\/","name":"Do\u011frar Metal Sanayi","description":"","publisher":{"@id":"https:\/\/dograr.com\/#organization"},"potentialAction":[{"@type":"SearchAction","target":{"@type":"EntryPoint","urlTemplate":"https:\/\/dograr.com\/?s={search_term_string}"},"query-input":{"@type":"PropertyValueSpecification","valueRequired":true,"valueName":"search_term_string"}}],"inLanguage":"tr"},{"@type":"Organization","@id":"https:\/\/dograr.com\/#organization","name":"Do\u011frar Metal Sanayi","url":"https:\/\/dograr.com\/","logo":{"@type":"ImageObject","inLanguage":"tr","@id":"https:\/\/dograr.com\/#\/schema\/logo\/image\/","url":"https:\/\/dograr.com\/wp-content\/uploads\/2023\/07\/dograr-metal.svg","contentUrl":"https:\/\/dograr.com\/wp-content\/uploads\/2023\/07\/dograr-metal.svg","width":423,"height":133,"caption":"Do\u011frar Metal Sanayi"},"image":{"@id":"https:\/\/dograr.com\/#\/schema\/logo\/image\/"}}]}},"_links":{"self":[{"href":"https:\/\/dograr.com\/index.php?rest_route=\/wp\/v2\/pages\/583","targetHints":{"allow":["GET"]}}],"collection":[{"href":"https:\/\/dograr.com\/index.php?rest_route=\/wp\/v2\/pages"}],"about":[{"href":"https:\/\/dograr.com\/index.php?rest_route=\/wp\/v2\/types\/page"}],"author":[{"embeddable":true,"href":"https:\/\/dograr.com\/index.php?rest_route=\/wp\/v2\/users\/1"}],"replies":[{"embeddable":true,"href":"https:\/\/dograr.com\/index.php?rest_route=%2Fwp%2Fv2%2Fcomments&post=583"}],"version-history":[{"count":24,"href":"https:\/\/dograr.com\/index.php?rest_route=\/wp\/v2\/pages\/583\/revisions"}],"predecessor-version":[{"id":988196,"href":"https:\/\/dograr.com\/index.php?rest_route=\/wp\/v2\/pages\/583\/revisions\/988196"}],"up":[{"embeddable":true,"href":"https:\/\/dograr.com\/index.php?rest_route=\/wp\/v2\/pages\/138"}],"wp:attachment":[{"href":"https:\/\/dograr.com\/index.php?rest_route=%2Fwp%2Fv2%2Fmedia&parent=583"}],"curies":[{"name":"wp","href":"https:\/\/api.w.org\/{rel}","templated":true}]}}