{"id":577,"date":"2023-08-02T11:48:00","date_gmt":"2023-08-02T11:48:00","guid":{"rendered":"https:\/\/fabrik.vamtam.com\/?page_id=577"},"modified":"2026-02-26T16:44:41","modified_gmt":"2026-02-26T16:44:41","slug":"tasarim","status":"publish","type":"page","link":"https:\/\/dograr.com\/?page_id=577","title":{"rendered":"Tasar\u0131m"},"content":{"rendered":"\t\t<div data-elementor-type=\"wp-page\" data-elementor-id=\"577\" class=\"elementor elementor-577\" data-elementor-post-type=\"page\">\n\t\t\t\t\t\t<section class=\"elementor-section elementor-top-section elementor-element elementor-element-2285f73e elementor-section-boxed elementor-section-height-default elementor-section-height-default\" data-id=\"2285f73e\" data-element_type=\"section\" data-e-type=\"section\">\n\t\t\t\t\t\t<div class=\"elementor-container elementor-column-gap-no\">\n\t\t\t\t\t<div class=\"elementor-column elementor-col-33 elementor-top-column elementor-element elementor-element-41248a5b\" data-id=\"41248a5b\" data-element_type=\"column\" data-e-type=\"column\">\n\t\t\t<div class=\"elementor-widget-wrap elementor-element-populated\">\n\t\t\t\t\t\t<div class=\"elementor-element elementor-element-56a7873e elementor-invisible elementor-widget elementor-widget-heading\" data-id=\"56a7873e\" data-element_type=\"widget\" data-e-type=\"widget\" data-settings=\"{&quot;_animation&quot;:&quot;fadeIn&quot;,&quot;_animation_tablet&quot;:&quot;none&quot;,&quot;_animation_delay&quot;:200}\" data-widget_type=\"heading.default\">\n\t\t\t\t<div class=\"elementor-widget-container\">\n\t\t\t\t\t<h2 class=\"elementor-heading-title elementor-size-default\">M\u00fchendislik Odakl\u0131 Tasar\u0131m<\/h2>\t\t\t\t<\/div>\n\t\t\t\t<\/div>\n\t\t\t\t\t<\/div>\n\t\t<\/div>\n\t\t\t\t<div class=\"elementor-column elementor-col-33 elementor-top-column elementor-element elementor-element-7afb924c elementor-hidden-mobile\" data-id=\"7afb924c\" data-element_type=\"column\" data-e-type=\"column\">\n\t\t\t<div class=\"elementor-widget-wrap elementor-element-populated\">\n\t\t\t\t\t\t<div class=\"elementor-element elementor-element-39832f6b elementor-widget elementor-widget-spacer\" data-id=\"39832f6b\" data-element_type=\"widget\" data-e-type=\"widget\" data-widget_type=\"spacer.default\">\n\t\t\t\t<div class=\"elementor-widget-container\">\n\t\t\t\t\t\t\t<div class=\"elementor-spacer\">\n\t\t\t<div class=\"elementor-spacer-inner\"><\/div>\n\t\t<\/div>\n\t\t\t\t\t\t<\/div>\n\t\t\t\t<\/div>\n\t\t\t\t\t<\/div>\n\t\t<\/div>\n\t\t\t\t<div class=\"elementor-column elementor-col-33 elementor-top-column elementor-element elementor-element-7c9d35c7 elementor-hidden-mobile\" data-id=\"7c9d35c7\" data-element_type=\"column\" data-e-type=\"column\">\n\t\t\t<div class=\"elementor-widget-wrap elementor-element-populated\">\n\t\t\t\t\t\t<div class=\"elementor-element elementor-element-23f9669c elementor-widget elementor-widget-spacer\" data-id=\"23f9669c\" data-element_type=\"widget\" data-e-type=\"widget\" data-widget_type=\"spacer.default\">\n\t\t\t\t<div class=\"elementor-widget-container\">\n\t\t\t\t\t\t\t<div class=\"elementor-spacer\">\n\t\t\t<div class=\"elementor-spacer-inner\"><\/div>\n\t\t<\/div>\n\t\t\t\t\t\t<\/div>\n\t\t\t\t<\/div>\n\t\t\t\t\t<\/div>\n\t\t<\/div>\n\t\t\t\t\t<\/div>\n\t\t<\/section>\n\t\t\t\t<section class=\"elementor-section elementor-top-section elementor-element elementor-element-680cc337 elementor-section-boxed elementor-section-height-default elementor-section-height-default\" data-id=\"680cc337\" data-element_type=\"section\" data-e-type=\"section\">\n\t\t\t\t\t\t<div class=\"elementor-container elementor-column-gap-no\">\n\t\t\t\t\t<div class=\"elementor-column elementor-col-33 elementor-top-column elementor-element elementor-element-7fc24b90\" data-id=\"7fc24b90\" data-element_type=\"column\" data-e-type=\"column\" data-settings=\"{&quot;background_background&quot;:&quot;classic&quot;}\">\n\t\t\t<div class=\"elementor-widget-wrap elementor-element-populated\">\n\t\t\t\t\t\t<div class=\"elementor-element elementor-element-2a1a6e59 elementor-widget elementor-widget-text-editor\" data-id=\"2a1a6e59\" data-element_type=\"widget\" data-e-type=\"widget\" data-widget_type=\"text-editor.default\">\n\t\t\t\t<div class=\"elementor-widget-container\">\n\t\t\t\t\t\t\t\t\t<p class=\"p1\">Tasar\u0131m s\u00fcrecinin her a\u015famas\u0131nda m\u00fc\u015fterilerimizle \u015feffaf ve s\u00fcrekli bir ileti\u015fim kuruyoruz. \u0130htiya\u00e7 ve beklentiler do\u011frultusunda ilerleyen bu s\u00fcre\u00e7te, yap\u0131lan t\u00fcm \u00e7al\u0131\u015fmalar m\u00fc\u015fterilerimizle payla\u015f\u0131l\u0131r ve geri bildirimler do\u011frultusunda revize edilir. Tasar\u0131m s\u00fcreci, numune onay\u0131 al\u0131narak tamamlan\u0131r ve \u00fcretime sorunsuz bir ge\u00e7i\u015f sa\u011flan\u0131r.<\/p>\t\t\t\t\t\t\t\t<\/div>\n\t\t\t\t<\/div>\n\t\t\t\t\t<\/div>\n\t\t<\/div>\n\t\t\t\t<div class=\"elementor-column elementor-col-33 elementor-top-column elementor-element elementor-element-6efb1301\" data-id=\"6efb1301\" data-element_type=\"column\" data-e-type=\"column\">\n\t\t\t<div class=\"elementor-widget-wrap elementor-element-populated\">\n\t\t\t\t\t\t<div class=\"elementor-element elementor-element-64fe04e2 elementor-widget elementor-widget-image\" data-id=\"64fe04e2\" data-element_type=\"widget\" data-e-type=\"widget\" data-settings=\"{&quot;motion_fx_motion_fx_scrolling&quot;:&quot;yes&quot;,&quot;motion_fx_translateY_effect&quot;:&quot;yes&quot;,&quot;motion_fx_translateY_speed&quot;:{&quot;unit&quot;:&quot;px&quot;,&quot;size&quot;:1,&quot;sizes&quot;:[]},&quot;motion_fx_devices&quot;:[&quot;desktop&quot;],&quot;motion_fx_translateY_direction&quot;:&quot;negative&quot;,&quot;motion_fx_translateY_affectedRange&quot;:{&quot;unit&quot;:&quot;%&quot;,&quot;size&quot;:&quot;&quot;,&quot;sizes&quot;:{&quot;start&quot;:0,&quot;end&quot;:100}}}\" data-widget_type=\"image.default\">\n\t\t\t\t<div class=\"elementor-widget-container\">\n\t\t\t\t\t\t\t\t\t\t\t\t\t\t\t<img fetchpriority=\"high\" decoding=\"async\" width=\"574\" height=\"1024\" src=\"https:\/\/dograr.com\/wp-content\/uploads\/2026\/02\/dograr-metal-tasarim-1-574x1024.jpg\" class=\"attachment-large size-large wp-image-987813\" alt=\"\" srcset=\"https:\/\/dograr.com\/wp-content\/uploads\/2026\/02\/dograr-metal-tasarim-1-574x1024.jpg 574w, https:\/\/dograr.com\/wp-content\/uploads\/2026\/02\/dograr-metal-tasarim-1-168x300.jpg 168w, https:\/\/dograr.com\/wp-content\/uploads\/2026\/02\/dograr-metal-tasarim-1.jpg 728w\" sizes=\"(max-width: 574px) 100vw, 574px\" \/>\t\t\t\t\t\t\t\t\t\t\t\t\t\t\t<\/div>\n\t\t\t\t<\/div>\n\t\t\t\t\t<\/div>\n\t\t<\/div>\n\t\t\t\t<div class=\"elementor-column elementor-col-33 elementor-top-column elementor-element elementor-element-648dd141\" data-id=\"648dd141\" data-element_type=\"column\" data-e-type=\"column\">\n\t\t\t<div class=\"elementor-widget-wrap elementor-element-populated\">\n\t\t\t\t\t\t<div class=\"elementor-element elementor-element-15169fd4 elementor-widget elementor-widget-image\" data-id=\"15169fd4\" data-element_type=\"widget\" data-e-type=\"widget\" data-settings=\"{&quot;motion_fx_motion_fx_scrolling&quot;:&quot;yes&quot;,&quot;motion_fx_translateY_effect&quot;:&quot;yes&quot;,&quot;motion_fx_translateY_speed&quot;:{&quot;unit&quot;:&quot;px&quot;,&quot;size&quot;:1,&quot;sizes&quot;:[]},&quot;motion_fx_devices&quot;:[&quot;desktop&quot;],&quot;motion_fx_translateY_affectedRange&quot;:{&quot;unit&quot;:&quot;%&quot;,&quot;size&quot;:&quot;&quot;,&quot;sizes&quot;:{&quot;start&quot;:0,&quot;end&quot;:100}}}\" data-widget_type=\"image.default\">\n\t\t\t\t<div class=\"elementor-widget-container\">\n\t\t\t\t\t\t\t\t\t\t\t\t\t\t\t<img decoding=\"async\" width=\"574\" height=\"1024\" src=\"https:\/\/dograr.com\/wp-content\/uploads\/2026\/02\/dograr-metal-tasarim-2-574x1024.jpg\" class=\"attachment-large size-large wp-image-987815\" alt=\"\" srcset=\"https:\/\/dograr.com\/wp-content\/uploads\/2026\/02\/dograr-metal-tasarim-2-574x1024.jpg 574w, https:\/\/dograr.com\/wp-content\/uploads\/2026\/02\/dograr-metal-tasarim-2-168x300.jpg 168w, https:\/\/dograr.com\/wp-content\/uploads\/2026\/02\/dograr-metal-tasarim-2.jpg 728w\" sizes=\"(max-width: 574px) 100vw, 574px\" \/>\t\t\t\t\t\t\t\t\t\t\t\t\t\t\t<\/div>\n\t\t\t\t<\/div>\n\t\t\t\t\t<\/div>\n\t\t<\/div>\n\t\t\t\t\t<\/div>\n\t\t<\/section>\n\t\t\t\t<\/div>\n\t\t","protected":false},"excerpt":{"rendered":"<p>Deneyimli m\u00fchendis kadromuzla; boru, profil ve sac metal uygulamalar\u0131na y\u00f6nelik, \u00fcretime uyumlu ve verimli tasar\u0131m \u00e7\u00f6z\u00fcmleri geli\u015ftiriyoruz. AutoCAD ve SolidWorks altyap\u0131s\u0131yla y\u00fcr\u00fct\u00fclen tasar\u0131m s\u00fcrecimiz, m\u00fc\u015fteri geri bildirimleri do\u011frultusunda ilerler ve numune onay\u0131 ile tamamlan\u0131r.<\/p>\n","protected":false},"author":1,"featured_media":987809,"parent":138,"menu_order":0,"comment_status":"closed","ping_status":"closed","template":"","meta":{"inline_featured_image":false,"footnotes":""},"class_list":["post-577","page","type-page","status-publish","has-post-thumbnail","hentry"],"yoast_head":"<!-- This site is optimized with the Yoast SEO plugin v27.1.1 - https:\/\/yoast.com\/product\/yoast-seo-wordpress\/ -->\n<title>Tasar\u0131m - Do\u011frar Metal Sanayi<\/title>\n<meta name=\"robots\" content=\"index, follow, max-snippet:-1, max-image-preview:large, max-video-preview:-1\" \/>\n<link rel=\"canonical\" href=\"https:\/\/dograr.com\/?page_id=577\" \/>\n<meta property=\"og:locale\" content=\"tr_TR\" \/>\n<meta property=\"og:type\" content=\"article\" \/>\n<meta property=\"og:title\" content=\"Tasar\u0131m - Do\u011frar Metal Sanayi\" \/>\n<meta property=\"og:description\" content=\"Deneyimli m\u00fchendis kadromuzla; boru, profil ve sac metal uygulamalar\u0131na y\u00f6nelik, \u00fcretime uyumlu ve verimli tasar\u0131m \u00e7\u00f6z\u00fcmleri geli\u015ftiriyoruz. AutoCAD ve SolidWorks altyap\u0131s\u0131yla y\u00fcr\u00fct\u00fclen tasar\u0131m s\u00fcrecimiz, m\u00fc\u015fteri geri bildirimleri do\u011frultusunda ilerler ve numune onay\u0131 ile tamamlan\u0131r.\" \/>\n<meta property=\"og:url\" content=\"https:\/\/dograr.com\/?page_id=577\" \/>\n<meta property=\"og:site_name\" content=\"Do\u011frar Metal Sanayi\" \/>\n<meta property=\"article:modified_time\" content=\"2026-02-26T16:44:41+00:00\" \/>\n<meta property=\"og:image\" content=\"https:\/\/dograr.com\/wp-content\/uploads\/2026\/02\/dograr-metal-tasarim.jpg\" \/>\n\t<meta property=\"og:image:width\" content=\"1090\" \/>\n\t<meta property=\"og:image:height\" content=\"1330\" \/>\n\t<meta property=\"og:image:type\" content=\"image\/jpeg\" \/>\n<meta name=\"twitter:card\" content=\"summary_large_image\" \/>\n<meta name=\"twitter:label1\" content=\"Tahmini okuma s\u00fcresi\" \/>\n\t<meta name=\"twitter:data1\" content=\"1 dakika\" \/>\n<script type=\"application\/ld+json\" class=\"yoast-schema-graph\">{\"@context\":\"https:\/\/schema.org\",\"@graph\":[{\"@type\":\"WebPage\",\"@id\":\"https:\/\/dograr.com\/?page_id=577\",\"url\":\"https:\/\/dograr.com\/?page_id=577\",\"name\":\"Tasar\u0131m - Do\u011frar Metal Sanayi\",\"isPartOf\":{\"@id\":\"https:\/\/dograr.com\/#website\"},\"primaryImageOfPage\":{\"@id\":\"https:\/\/dograr.com\/?page_id=577#primaryimage\"},\"image\":{\"@id\":\"https:\/\/dograr.com\/?page_id=577#primaryimage\"},\"thumbnailUrl\":\"https:\/\/dograr.com\/wp-content\/uploads\/2026\/02\/dograr-metal-tasarim.jpg\",\"datePublished\":\"2023-08-02T11:48:00+00:00\",\"dateModified\":\"2026-02-26T16:44:41+00:00\",\"breadcrumb\":{\"@id\":\"https:\/\/dograr.com\/?page_id=577#breadcrumb\"},\"inLanguage\":\"tr\",\"potentialAction\":[{\"@type\":\"ReadAction\",\"target\":[\"https:\/\/dograr.com\/?page_id=577\"]}]},{\"@type\":\"ImageObject\",\"inLanguage\":\"tr\",\"@id\":\"https:\/\/dograr.com\/?page_id=577#primaryimage\",\"url\":\"https:\/\/dograr.com\/wp-content\/uploads\/2026\/02\/dograr-metal-tasarim.jpg\",\"contentUrl\":\"https:\/\/dograr.com\/wp-content\/uploads\/2026\/02\/dograr-metal-tasarim.jpg\",\"width\":1090,\"height\":1330},{\"@type\":\"BreadcrumbList\",\"@id\":\"https:\/\/dograr.com\/?page_id=577#breadcrumb\",\"itemListElement\":[{\"@type\":\"ListItem\",\"position\":1,\"name\":\"Anasayfa\",\"item\":\"https:\/\/dograr.com\/\"},{\"@type\":\"ListItem\",\"position\":2,\"name\":\"\u00c7\u00f6z\u00fcmler\",\"item\":\"https:\/\/dograr.com\/?page_id=138\"},{\"@type\":\"ListItem\",\"position\":3,\"name\":\"Tasar\u0131m\"}]},{\"@type\":\"WebSite\",\"@id\":\"https:\/\/dograr.com\/#website\",\"url\":\"https:\/\/dograr.com\/\",\"name\":\"Do\u011frar Metal Sanayi\",\"description\":\"\",\"publisher\":{\"@id\":\"https:\/\/dograr.com\/#organization\"},\"potentialAction\":[{\"@type\":\"SearchAction\",\"target\":{\"@type\":\"EntryPoint\",\"urlTemplate\":\"https:\/\/dograr.com\/?s={search_term_string}\"},\"query-input\":{\"@type\":\"PropertyValueSpecification\",\"valueRequired\":true,\"valueName\":\"search_term_string\"}}],\"inLanguage\":\"tr\"},{\"@type\":\"Organization\",\"@id\":\"https:\/\/dograr.com\/#organization\",\"name\":\"Do\u011frar Metal Sanayi\",\"url\":\"https:\/\/dograr.com\/\",\"logo\":{\"@type\":\"ImageObject\",\"inLanguage\":\"tr\",\"@id\":\"https:\/\/dograr.com\/#\/schema\/logo\/image\/\",\"url\":\"https:\/\/dograr.com\/wp-content\/uploads\/2023\/07\/dograr-metal.svg\",\"contentUrl\":\"https:\/\/dograr.com\/wp-content\/uploads\/2023\/07\/dograr-metal.svg\",\"width\":423,\"height\":133,\"caption\":\"Do\u011frar Metal Sanayi\"},\"image\":{\"@id\":\"https:\/\/dograr.com\/#\/schema\/logo\/image\/\"}}]}<\/script>\n<!-- \/ Yoast SEO plugin. -->","yoast_head_json":{"title":"Tasar\u0131m - Do\u011frar Metal Sanayi","robots":{"index":"index","follow":"follow","max-snippet":"max-snippet:-1","max-image-preview":"max-image-preview:large","max-video-preview":"max-video-preview:-1"},"canonical":"https:\/\/dograr.com\/?page_id=577","og_locale":"tr_TR","og_type":"article","og_title":"Tasar\u0131m - Do\u011frar Metal Sanayi","og_description":"Deneyimli m\u00fchendis kadromuzla; boru, profil ve sac metal uygulamalar\u0131na y\u00f6nelik, \u00fcretime uyumlu ve verimli tasar\u0131m \u00e7\u00f6z\u00fcmleri geli\u015ftiriyoruz. AutoCAD ve SolidWorks altyap\u0131s\u0131yla y\u00fcr\u00fct\u00fclen tasar\u0131m s\u00fcrecimiz, m\u00fc\u015fteri geri bildirimleri do\u011frultusunda ilerler ve numune onay\u0131 ile tamamlan\u0131r.","og_url":"https:\/\/dograr.com\/?page_id=577","og_site_name":"Do\u011frar Metal Sanayi","article_modified_time":"2026-02-26T16:44:41+00:00","og_image":[{"width":1090,"height":1330,"url":"https:\/\/dograr.com\/wp-content\/uploads\/2026\/02\/dograr-metal-tasarim.jpg","type":"image\/jpeg"}],"twitter_card":"summary_large_image","twitter_misc":{"Tahmini okuma s\u00fcresi":"1 dakika"},"schema":{"@context":"https:\/\/schema.org","@graph":[{"@type":"WebPage","@id":"https:\/\/dograr.com\/?page_id=577","url":"https:\/\/dograr.com\/?page_id=577","name":"Tasar\u0131m - Do\u011frar Metal Sanayi","isPartOf":{"@id":"https:\/\/dograr.com\/#website"},"primaryImageOfPage":{"@id":"https:\/\/dograr.com\/?page_id=577#primaryimage"},"image":{"@id":"https:\/\/dograr.com\/?page_id=577#primaryimage"},"thumbnailUrl":"https:\/\/dograr.com\/wp-content\/uploads\/2026\/02\/dograr-metal-tasarim.jpg","datePublished":"2023-08-02T11:48:00+00:00","dateModified":"2026-02-26T16:44:41+00:00","breadcrumb":{"@id":"https:\/\/dograr.com\/?page_id=577#breadcrumb"},"inLanguage":"tr","potentialAction":[{"@type":"ReadAction","target":["https:\/\/dograr.com\/?page_id=577"]}]},{"@type":"ImageObject","inLanguage":"tr","@id":"https:\/\/dograr.com\/?page_id=577#primaryimage","url":"https:\/\/dograr.com\/wp-content\/uploads\/2026\/02\/dograr-metal-tasarim.jpg","contentUrl":"https:\/\/dograr.com\/wp-content\/uploads\/2026\/02\/dograr-metal-tasarim.jpg","width":1090,"height":1330},{"@type":"BreadcrumbList","@id":"https:\/\/dograr.com\/?page_id=577#breadcrumb","itemListElement":[{"@type":"ListItem","position":1,"name":"Anasayfa","item":"https:\/\/dograr.com\/"},{"@type":"ListItem","position":2,"name":"\u00c7\u00f6z\u00fcmler","item":"https:\/\/dograr.com\/?page_id=138"},{"@type":"ListItem","position":3,"name":"Tasar\u0131m"}]},{"@type":"WebSite","@id":"https:\/\/dograr.com\/#website","url":"https:\/\/dograr.com\/","name":"Do\u011frar Metal Sanayi","description":"","publisher":{"@id":"https:\/\/dograr.com\/#organization"},"potentialAction":[{"@type":"SearchAction","target":{"@type":"EntryPoint","urlTemplate":"https:\/\/dograr.com\/?s={search_term_string}"},"query-input":{"@type":"PropertyValueSpecification","valueRequired":true,"valueName":"search_term_string"}}],"inLanguage":"tr"},{"@type":"Organization","@id":"https:\/\/dograr.com\/#organization","name":"Do\u011frar Metal Sanayi","url":"https:\/\/dograr.com\/","logo":{"@type":"ImageObject","inLanguage":"tr","@id":"https:\/\/dograr.com\/#\/schema\/logo\/image\/","url":"https:\/\/dograr.com\/wp-content\/uploads\/2023\/07\/dograr-metal.svg","contentUrl":"https:\/\/dograr.com\/wp-content\/uploads\/2023\/07\/dograr-metal.svg","width":423,"height":133,"caption":"Do\u011frar Metal Sanayi"},"image":{"@id":"https:\/\/dograr.com\/#\/schema\/logo\/image\/"}}]}},"_links":{"self":[{"href":"https:\/\/dograr.com\/index.php?rest_route=\/wp\/v2\/pages\/577","targetHints":{"allow":["GET"]}}],"collection":[{"href":"https:\/\/dograr.com\/index.php?rest_route=\/wp\/v2\/pages"}],"about":[{"href":"https:\/\/dograr.com\/index.php?rest_route=\/wp\/v2\/types\/page"}],"author":[{"embeddable":true,"href":"https:\/\/dograr.com\/index.php?rest_route=\/wp\/v2\/users\/1"}],"replies":[{"embeddable":true,"href":"https:\/\/dograr.com\/index.php?rest_route=%2Fwp%2Fv2%2Fcomments&post=577"}],"version-history":[{"count":4,"href":"https:\/\/dograr.com\/index.php?rest_route=\/wp\/v2\/pages\/577\/revisions"}],"predecessor-version":[{"id":987818,"href":"https:\/\/dograr.com\/index.php?rest_route=\/wp\/v2\/pages\/577\/revisions\/987818"}],"up":[{"embeddable":true,"href":"https:\/\/dograr.com\/index.php?rest_route=\/wp\/v2\/pages\/138"}],"wp:featuredmedia":[{"embeddable":true,"href":"https:\/\/dograr.com\/index.php?rest_route=\/wp\/v2\/media\/987809"}],"wp:attachment":[{"href":"https:\/\/dograr.com\/index.php?rest_route=%2Fwp%2Fv2%2Fmedia&parent=577"}],"curies":[{"name":"wp","href":"https:\/\/api.w.org\/{rel}","templated":true}]}}