{"id":147,"date":"2026-02-26T16:02:58","date_gmt":"2026-02-26T16:02:58","guid":{"rendered":"https:\/\/fabrik.vamtam.com\/?page_id=147"},"modified":"2026-02-26T16:07:00","modified_gmt":"2026-02-26T16:07:00","slug":"stratejiler","status":"publish","type":"page","link":"https:\/\/dograr.com\/?page_id=147","title":{"rendered":"Stratejiler"},"content":{"rendered":"\t\t<div data-elementor-type=\"wp-page\" data-elementor-id=\"147\" class=\"elementor elementor-147\" data-elementor-post-type=\"page\">\n\t\t\t\t\t\t<section class=\"elementor-section elementor-top-section elementor-element elementor-element-d8b4c61 elementor-section-boxed elementor-section-height-default elementor-section-height-default\" data-id=\"d8b4c61\" data-element_type=\"section\" data-e-type=\"section\">\n\t\t\t\t\t\t<div class=\"elementor-container elementor-column-gap-no\">\n\t\t\t\t\t<div class=\"elementor-column elementor-col-33 elementor-top-column elementor-element elementor-element-d95b23e\" data-id=\"d95b23e\" data-element_type=\"column\" data-e-type=\"column\">\n\t\t\t<div class=\"elementor-widget-wrap elementor-element-populated\">\n\t\t\t\t\t\t<div class=\"elementor-element elementor-element-f4ac5f6 elementor-widget elementor-widget-text-editor\" data-id=\"f4ac5f6\" data-element_type=\"widget\" data-e-type=\"widget\" data-widget_type=\"text-editor.default\">\n\t\t\t\t<div class=\"elementor-widget-container\">\n\t\t\t\t\t\t\t\t\t<p class=\"p1\"><b>Bug\u00fcn\u00fc \u00dcretiyor, Gelece\u011fi Koruyoruz<\/b><\/p>\t\t\t\t\t\t\t\t<\/div>\n\t\t\t\t<\/div>\n\t\t\t\t\t<\/div>\n\t\t<\/div>\n\t\t\t\t<div class=\"elementor-column elementor-col-33 elementor-top-column elementor-element elementor-element-dc88613 elementor-hidden-mobile\" data-id=\"dc88613\" data-element_type=\"column\" data-e-type=\"column\">\n\t\t\t<div class=\"elementor-widget-wrap elementor-element-populated\">\n\t\t\t\t\t\t<div class=\"elementor-element elementor-element-a7c7078 elementor-widget elementor-widget-spacer\" data-id=\"a7c7078\" data-element_type=\"widget\" data-e-type=\"widget\" data-widget_type=\"spacer.default\">\n\t\t\t\t<div class=\"elementor-widget-container\">\n\t\t\t\t\t\t\t<div class=\"elementor-spacer\">\n\t\t\t<div class=\"elementor-spacer-inner\"><\/div>\n\t\t<\/div>\n\t\t\t\t\t\t<\/div>\n\t\t\t\t<\/div>\n\t\t\t\t\t<\/div>\n\t\t<\/div>\n\t\t\t\t<div class=\"elementor-column elementor-col-33 elementor-top-column elementor-element elementor-element-b010619 elementor-hidden-mobile\" data-id=\"b010619\" data-element_type=\"column\" data-e-type=\"column\">\n\t\t\t<div class=\"elementor-widget-wrap elementor-element-populated\">\n\t\t\t\t\t\t<div class=\"elementor-element elementor-element-b9d9b95 elementor-widget elementor-widget-spacer\" data-id=\"b9d9b95\" data-element_type=\"widget\" data-e-type=\"widget\" data-widget_type=\"spacer.default\">\n\t\t\t\t<div class=\"elementor-widget-container\">\n\t\t\t\t\t\t\t<div class=\"elementor-spacer\">\n\t\t\t<div class=\"elementor-spacer-inner\"><\/div>\n\t\t<\/div>\n\t\t\t\t\t\t<\/div>\n\t\t\t\t<\/div>\n\t\t\t\t\t<\/div>\n\t\t<\/div>\n\t\t\t\t\t<\/div>\n\t\t<\/section>\n\t\t\t\t<section class=\"elementor-section elementor-top-section elementor-element elementor-element-d8809d8 elementor-section-boxed elementor-section-height-default elementor-section-height-default\" data-id=\"d8809d8\" data-element_type=\"section\" data-e-type=\"section\">\n\t\t\t\t\t\t<div class=\"elementor-container elementor-column-gap-no\">\n\t\t\t\t\t<div class=\"elementor-column elementor-col-33 elementor-top-column elementor-element elementor-element-8ddc1a6\" data-id=\"8ddc1a6\" data-element_type=\"column\" data-e-type=\"column\" data-settings=\"{&quot;background_background&quot;:&quot;classic&quot;}\">\n\t\t\t<div class=\"elementor-widget-wrap elementor-element-populated\">\n\t\t\t\t\t\t<div class=\"elementor-element elementor-element-fdb1935 elementor-widget elementor-widget-text-editor\" data-id=\"fdb1935\" data-element_type=\"widget\" data-e-type=\"widget\" data-widget_type=\"text-editor.default\">\n\t\t\t\t<div class=\"elementor-widget-container\">\n\t\t\t\t\t\t\t\t\t<p class=\"p1\">Do\u011frar Metal olarak s\u00fcrd\u00fcr\u00fclebilirlik, yaln\u0131zca bir hedef de\u011fil; \u00fcretim anlay\u0131\u015f\u0131m\u0131z\u0131n ayr\u0131lmaz bir par\u00e7as\u0131d\u0131r. \u00dcretim s\u00fcre\u00e7lerimizi \u00e7evresel, sosyal ve ekonomik boyutlarda uzun vadeli de\u011fer yaratacak \u015fekilde yap\u0131land\u0131r\u0131yoruz. Bu kapsamda \u00e7evreye duyarl\u0131 \u00fcretim tekniklerini benimsemek, do\u011fal kaynaklar\u0131 verimli kullanmak ve enerji t\u00fcketimini optimize etmek i\u00e7in s\u00fcrekli iyile\u015ftirme odakl\u0131 stratejiler uyguluyoruz. Bu yakla\u015f\u0131m, hem sekt\u00f6r\u00fcm\u00fczdeki s\u00fcrd\u00fcr\u00fclebilirlik standartlar\u0131na uyum sa\u011flamam\u0131za hem de faaliyetlerimizin \u00e7evresel etkilerini azaltmam\u0131za yard\u0131mc\u0131 olur.<\/p>\t\t\t\t\t\t\t\t<\/div>\n\t\t\t\t<\/div>\n\t\t\t\t<div class=\"elementor-element elementor-element-6a7c548 elementor-widget elementor-widget-text-editor\" data-id=\"6a7c548\" data-element_type=\"widget\" data-e-type=\"widget\" data-widget_type=\"text-editor.default\">\n\t\t\t\t<div class=\"elementor-widget-container\">\n\t\t\t\t\t\t\t\t\t<p class=\"p1\">S\u00fcrd\u00fcr\u00fclebilirlik stratejilerimiz; enerji verimlili\u011fini art\u0131rmak, at\u0131k y\u00f6netimini geli\u015ftirmek ve d\u00f6ng\u00fcsel ekonomi ilkelerine uygun geri d\u00f6n\u00fc\u015f\u00fcm uygulamalar\u0131n\u0131 yayg\u0131nla\u015ft\u0131rmak \u00fczerine kuruludur. Tesislerimizde geli\u015fmi\u015f \u00fcretim teknolojileri ve modern kaynak y\u00f6netimi sistemleri kullanarak kaynak kullan\u0131m\u0131n\u0131 minimize ediyor, sera gaz\u0131 emisyonlar\u0131n\u0131 azaltmaya y\u00f6nelik ad\u0131mlar at\u0131yoruz. Ayn\u0131 zamanda \u00e7al\u0131\u015fanlar\u0131m\u0131z\u0131n geli\u015fimini destekleyen e\u011fitim programlar\u0131 ve toplumsal fayday\u0131 art\u0131ran \u00e7al\u0131\u015fmalarla sosyal s\u00fcrd\u00fcr\u00fclebilirli\u011fi de g\u00fc\u00e7lendiriyoruz. Bu kapsaml\u0131 yakla\u015f\u0131m sayesinde Do\u011frar Metal olarak daha temiz, daha verimli ve daha sorumlu \u00fcretim prati\u011fi i\u00e7in kararl\u0131l\u0131kla ilerliyoruz.\u00a0<\/p>\t\t\t\t\t\t\t\t<\/div>\n\t\t\t\t<\/div>\n\t\t\t\t\t<\/div>\n\t\t<\/div>\n\t\t\t\t<div class=\"elementor-column elementor-col-33 elementor-top-column elementor-element elementor-element-aaaf13b\" data-id=\"aaaf13b\" data-element_type=\"column\" data-e-type=\"column\">\n\t\t\t<div class=\"elementor-widget-wrap elementor-element-populated\">\n\t\t\t\t\t\t<div class=\"elementor-element elementor-element-a4b885e elementor-widget elementor-widget-image\" data-id=\"a4b885e\" data-element_type=\"widget\" data-e-type=\"widget\" data-settings=\"{&quot;motion_fx_motion_fx_scrolling&quot;:&quot;yes&quot;,&quot;motion_fx_translateY_effect&quot;:&quot;yes&quot;,&quot;motion_fx_translateY_speed&quot;:{&quot;unit&quot;:&quot;px&quot;,&quot;size&quot;:1,&quot;sizes&quot;:[]},&quot;motion_fx_devices&quot;:[&quot;desktop&quot;],&quot;motion_fx_translateY_direction&quot;:&quot;negative&quot;,&quot;motion_fx_translateY_affectedRange&quot;:{&quot;unit&quot;:&quot;%&quot;,&quot;size&quot;:&quot;&quot;,&quot;sizes&quot;:{&quot;start&quot;:0,&quot;end&quot;:100}}}\" data-widget_type=\"image.default\">\n\t\t\t\t<div class=\"elementor-widget-container\">\n\t\t\t\t\t\t\t\t\t\t\t\t\t\t\t<img fetchpriority=\"high\" decoding=\"async\" width=\"728\" height=\"1018\" src=\"https:\/\/dograr.com\/wp-content\/uploads\/2023\/08\/pexels-pixabay-257770.jpg\" class=\"attachment-large size-large wp-image-7214\" alt=\"\" srcset=\"https:\/\/dograr.com\/wp-content\/uploads\/2023\/08\/pexels-pixabay-257770.jpg 728w, https:\/\/dograr.com\/wp-content\/uploads\/2023\/08\/pexels-pixabay-257770-215x300.jpg 215w\" sizes=\"(max-width: 728px) 100vw, 728px\" \/>\t\t\t\t\t\t\t\t\t\t\t\t\t\t\t<\/div>\n\t\t\t\t<\/div>\n\t\t\t\t\t<\/div>\n\t\t<\/div>\n\t\t\t\t<div class=\"elementor-column elementor-col-33 elementor-top-column elementor-element elementor-element-f97e11e\" data-id=\"f97e11e\" data-element_type=\"column\" data-e-type=\"column\">\n\t\t\t<div class=\"elementor-widget-wrap elementor-element-populated\">\n\t\t\t\t\t\t<div class=\"elementor-element elementor-element-a6dbe3f elementor-widget elementor-widget-image\" data-id=\"a6dbe3f\" data-element_type=\"widget\" data-e-type=\"widget\" data-settings=\"{&quot;motion_fx_motion_fx_scrolling&quot;:&quot;yes&quot;,&quot;motion_fx_translateY_effect&quot;:&quot;yes&quot;,&quot;motion_fx_translateY_speed&quot;:{&quot;unit&quot;:&quot;px&quot;,&quot;size&quot;:1,&quot;sizes&quot;:[]},&quot;motion_fx_devices&quot;:[&quot;desktop&quot;],&quot;motion_fx_translateY_affectedRange&quot;:{&quot;unit&quot;:&quot;%&quot;,&quot;size&quot;:&quot;&quot;,&quot;sizes&quot;:{&quot;start&quot;:0,&quot;end&quot;:100}}}\" data-widget_type=\"image.default\">\n\t\t\t\t<div class=\"elementor-widget-container\">\n\t\t\t\t\t\t\t\t\t\t\t\t\t\t\t<img decoding=\"async\" width=\"728\" height=\"924\" src=\"https:\/\/dograr.com\/wp-content\/uploads\/2023\/08\/pexels-scott-webb-1544946.jpg\" class=\"attachment-large size-large wp-image-7215\" alt=\"\" srcset=\"https:\/\/dograr.com\/wp-content\/uploads\/2023\/08\/pexels-scott-webb-1544946.jpg 728w, https:\/\/dograr.com\/wp-content\/uploads\/2023\/08\/pexels-scott-webb-1544946-236x300.jpg 236w\" sizes=\"(max-width: 728px) 100vw, 728px\" \/>\t\t\t\t\t\t\t\t\t\t\t\t\t\t\t<\/div>\n\t\t\t\t<\/div>\n\t\t\t\t\t<\/div>\n\t\t<\/div>\n\t\t\t\t\t<\/div>\n\t\t<\/section>\n\t\t\t\t<section class=\"elementor-section elementor-top-section elementor-element elementor-element-559f6d2 elementor-section-boxed elementor-section-height-default elementor-section-height-default\" data-id=\"559f6d2\" data-element_type=\"section\" data-e-type=\"section\">\n\t\t\t\t\t\t<div class=\"elementor-container elementor-column-gap-no\">\n\t\t\t\t\t<div class=\"elementor-column elementor-col-100 elementor-top-column elementor-element elementor-element-82d12e5\" data-id=\"82d12e5\" data-element_type=\"column\" data-e-type=\"column\">\n\t\t\t<div class=\"elementor-widget-wrap elementor-element-populated\">\n\t\t\t\t\t\t<div class=\"elementor-element elementor-element-f3a1204 elementor-widget elementor-widget-spacer\" data-id=\"f3a1204\" data-element_type=\"widget\" data-e-type=\"widget\" data-widget_type=\"spacer.default\">\n\t\t\t\t<div class=\"elementor-widget-container\">\n\t\t\t\t\t\t\t<div class=\"elementor-spacer\">\n\t\t\t<div class=\"elementor-spacer-inner\"><\/div>\n\t\t<\/div>\n\t\t\t\t\t\t<\/div>\n\t\t\t\t<\/div>\n\t\t\t\t\t<\/div>\n\t\t<\/div>\n\t\t\t\t\t<\/div>\n\t\t<\/section>\n\t\t\t\t<\/div>\n\t\t","protected":false},"excerpt":{"rendered":"<p>Gelecek \u0130\u00e7in Sorumlu \u00dcretim&#8230;<\/p>\n","protected":false},"author":1,"featured_media":987778,"parent":116,"menu_order":0,"comment_status":"closed","ping_status":"closed","template":"","meta":{"inline_featured_image":false,"footnotes":""},"class_list":["post-147","page","type-page","status-publish","has-post-thumbnail","hentry"],"yoast_head":"<!-- This site is optimized with the Yoast SEO plugin v27.1.1 - https:\/\/yoast.com\/product\/yoast-seo-wordpress\/ -->\n<title>Stratejiler - Do\u011frar Metal Sanayi<\/title>\n<meta name=\"robots\" content=\"index, follow, max-snippet:-1, max-image-preview:large, max-video-preview:-1\" \/>\n<link rel=\"canonical\" href=\"https:\/\/dograr.com\/?page_id=147\" \/>\n<meta property=\"og:locale\" content=\"tr_TR\" \/>\n<meta property=\"og:type\" content=\"article\" \/>\n<meta property=\"og:title\" content=\"Stratejiler - Do\u011frar Metal Sanayi\" \/>\n<meta property=\"og:description\" content=\"Gelecek \u0130\u00e7in Sorumlu \u00dcretim...\" \/>\n<meta property=\"og:url\" content=\"https:\/\/dograr.com\/?page_id=147\" \/>\n<meta property=\"og:site_name\" content=\"Do\u011frar Metal Sanayi\" \/>\n<meta property=\"article:modified_time\" content=\"2026-02-26T16:07:00+00:00\" \/>\n<meta property=\"og:image\" content=\"https:\/\/dograr.com\/wp-content\/uploads\/2026\/02\/dograr-metal-surdurulebilirlik.jpg\" \/>\n\t<meta property=\"og:image:width\" content=\"2560\" \/>\n\t<meta property=\"og:image:height\" content=\"739\" \/>\n\t<meta property=\"og:image:type\" content=\"image\/jpeg\" \/>\n<meta name=\"twitter:card\" content=\"summary_large_image\" \/>\n<meta name=\"twitter:label1\" content=\"Tahmini okuma s\u00fcresi\" \/>\n\t<meta name=\"twitter:data1\" content=\"2 dakika\" \/>\n<script type=\"application\/ld+json\" class=\"yoast-schema-graph\">{\"@context\":\"https:\/\/schema.org\",\"@graph\":[{\"@type\":\"WebPage\",\"@id\":\"https:\/\/dograr.com\/?page_id=147\",\"url\":\"https:\/\/dograr.com\/?page_id=147\",\"name\":\"Stratejiler - Do\u011frar Metal Sanayi\",\"isPartOf\":{\"@id\":\"https:\/\/dograr.com\/#website\"},\"primaryImageOfPage\":{\"@id\":\"https:\/\/dograr.com\/?page_id=147#primaryimage\"},\"image\":{\"@id\":\"https:\/\/dograr.com\/?page_id=147#primaryimage\"},\"thumbnailUrl\":\"https:\/\/dograr.com\/wp-content\/uploads\/2026\/02\/dograr-metal-surdurulebilirlik.jpg\",\"datePublished\":\"2026-02-26T16:02:58+00:00\",\"dateModified\":\"2026-02-26T16:07:00+00:00\",\"breadcrumb\":{\"@id\":\"https:\/\/dograr.com\/?page_id=147#breadcrumb\"},\"inLanguage\":\"tr\",\"potentialAction\":[{\"@type\":\"ReadAction\",\"target\":[\"https:\/\/dograr.com\/?page_id=147\"]}]},{\"@type\":\"ImageObject\",\"inLanguage\":\"tr\",\"@id\":\"https:\/\/dograr.com\/?page_id=147#primaryimage\",\"url\":\"https:\/\/dograr.com\/wp-content\/uploads\/2026\/02\/dograr-metal-surdurulebilirlik.jpg\",\"contentUrl\":\"https:\/\/dograr.com\/wp-content\/uploads\/2026\/02\/dograr-metal-surdurulebilirlik.jpg\",\"width\":2560,\"height\":739},{\"@type\":\"BreadcrumbList\",\"@id\":\"https:\/\/dograr.com\/?page_id=147#breadcrumb\",\"itemListElement\":[{\"@type\":\"ListItem\",\"position\":1,\"name\":\"Anasayfa\",\"item\":\"https:\/\/dograr.com\/\"},{\"@type\":\"ListItem\",\"position\":2,\"name\":\"Hedefler\",\"item\":\"https:\/\/dograr.com\/?page_id=116\"},{\"@type\":\"ListItem\",\"position\":3,\"name\":\"Stratejiler\"}]},{\"@type\":\"WebSite\",\"@id\":\"https:\/\/dograr.com\/#website\",\"url\":\"https:\/\/dograr.com\/\",\"name\":\"Do\u011frar Metal Sanayi\",\"description\":\"\",\"publisher\":{\"@id\":\"https:\/\/dograr.com\/#organization\"},\"potentialAction\":[{\"@type\":\"SearchAction\",\"target\":{\"@type\":\"EntryPoint\",\"urlTemplate\":\"https:\/\/dograr.com\/?s={search_term_string}\"},\"query-input\":{\"@type\":\"PropertyValueSpecification\",\"valueRequired\":true,\"valueName\":\"search_term_string\"}}],\"inLanguage\":\"tr\"},{\"@type\":\"Organization\",\"@id\":\"https:\/\/dograr.com\/#organization\",\"name\":\"Do\u011frar Metal Sanayi\",\"url\":\"https:\/\/dograr.com\/\",\"logo\":{\"@type\":\"ImageObject\",\"inLanguage\":\"tr\",\"@id\":\"https:\/\/dograr.com\/#\/schema\/logo\/image\/\",\"url\":\"https:\/\/dograr.com\/wp-content\/uploads\/2023\/07\/dograr-metal.svg\",\"contentUrl\":\"https:\/\/dograr.com\/wp-content\/uploads\/2023\/07\/dograr-metal.svg\",\"width\":423,\"height\":133,\"caption\":\"Do\u011frar Metal Sanayi\"},\"image\":{\"@id\":\"https:\/\/dograr.com\/#\/schema\/logo\/image\/\"}}]}<\/script>\n<!-- \/ Yoast SEO plugin. -->","yoast_head_json":{"title":"Stratejiler - Do\u011frar Metal Sanayi","robots":{"index":"index","follow":"follow","max-snippet":"max-snippet:-1","max-image-preview":"max-image-preview:large","max-video-preview":"max-video-preview:-1"},"canonical":"https:\/\/dograr.com\/?page_id=147","og_locale":"tr_TR","og_type":"article","og_title":"Stratejiler - Do\u011frar Metal Sanayi","og_description":"Gelecek \u0130\u00e7in Sorumlu \u00dcretim...","og_url":"https:\/\/dograr.com\/?page_id=147","og_site_name":"Do\u011frar Metal Sanayi","article_modified_time":"2026-02-26T16:07:00+00:00","og_image":[{"width":2560,"height":739,"url":"https:\/\/dograr.com\/wp-content\/uploads\/2026\/02\/dograr-metal-surdurulebilirlik.jpg","type":"image\/jpeg"}],"twitter_card":"summary_large_image","twitter_misc":{"Tahmini okuma s\u00fcresi":"2 dakika"},"schema":{"@context":"https:\/\/schema.org","@graph":[{"@type":"WebPage","@id":"https:\/\/dograr.com\/?page_id=147","url":"https:\/\/dograr.com\/?page_id=147","name":"Stratejiler - Do\u011frar Metal Sanayi","isPartOf":{"@id":"https:\/\/dograr.com\/#website"},"primaryImageOfPage":{"@id":"https:\/\/dograr.com\/?page_id=147#primaryimage"},"image":{"@id":"https:\/\/dograr.com\/?page_id=147#primaryimage"},"thumbnailUrl":"https:\/\/dograr.com\/wp-content\/uploads\/2026\/02\/dograr-metal-surdurulebilirlik.jpg","datePublished":"2026-02-26T16:02:58+00:00","dateModified":"2026-02-26T16:07:00+00:00","breadcrumb":{"@id":"https:\/\/dograr.com\/?page_id=147#breadcrumb"},"inLanguage":"tr","potentialAction":[{"@type":"ReadAction","target":["https:\/\/dograr.com\/?page_id=147"]}]},{"@type":"ImageObject","inLanguage":"tr","@id":"https:\/\/dograr.com\/?page_id=147#primaryimage","url":"https:\/\/dograr.com\/wp-content\/uploads\/2026\/02\/dograr-metal-surdurulebilirlik.jpg","contentUrl":"https:\/\/dograr.com\/wp-content\/uploads\/2026\/02\/dograr-metal-surdurulebilirlik.jpg","width":2560,"height":739},{"@type":"BreadcrumbList","@id":"https:\/\/dograr.com\/?page_id=147#breadcrumb","itemListElement":[{"@type":"ListItem","position":1,"name":"Anasayfa","item":"https:\/\/dograr.com\/"},{"@type":"ListItem","position":2,"name":"Hedefler","item":"https:\/\/dograr.com\/?page_id=116"},{"@type":"ListItem","position":3,"name":"Stratejiler"}]},{"@type":"WebSite","@id":"https:\/\/dograr.com\/#website","url":"https:\/\/dograr.com\/","name":"Do\u011frar Metal Sanayi","description":"","publisher":{"@id":"https:\/\/dograr.com\/#organization"},"potentialAction":[{"@type":"SearchAction","target":{"@type":"EntryPoint","urlTemplate":"https:\/\/dograr.com\/?s={search_term_string}"},"query-input":{"@type":"PropertyValueSpecification","valueRequired":true,"valueName":"search_term_string"}}],"inLanguage":"tr"},{"@type":"Organization","@id":"https:\/\/dograr.com\/#organization","name":"Do\u011frar Metal Sanayi","url":"https:\/\/dograr.com\/","logo":{"@type":"ImageObject","inLanguage":"tr","@id":"https:\/\/dograr.com\/#\/schema\/logo\/image\/","url":"https:\/\/dograr.com\/wp-content\/uploads\/2023\/07\/dograr-metal.svg","contentUrl":"https:\/\/dograr.com\/wp-content\/uploads\/2023\/07\/dograr-metal.svg","width":423,"height":133,"caption":"Do\u011frar Metal Sanayi"},"image":{"@id":"https:\/\/dograr.com\/#\/schema\/logo\/image\/"}}]}},"_links":{"self":[{"href":"https:\/\/dograr.com\/index.php?rest_route=\/wp\/v2\/pages\/147","targetHints":{"allow":["GET"]}}],"collection":[{"href":"https:\/\/dograr.com\/index.php?rest_route=\/wp\/v2\/pages"}],"about":[{"href":"https:\/\/dograr.com\/index.php?rest_route=\/wp\/v2\/types\/page"}],"author":[{"embeddable":true,"href":"https:\/\/dograr.com\/index.php?rest_route=\/wp\/v2\/users\/1"}],"replies":[{"embeddable":true,"href":"https:\/\/dograr.com\/index.php?rest_route=%2Fwp%2Fv2%2Fcomments&post=147"}],"version-history":[{"count":4,"href":"https:\/\/dograr.com\/index.php?rest_route=\/wp\/v2\/pages\/147\/revisions"}],"predecessor-version":[{"id":987782,"href":"https:\/\/dograr.com\/index.php?rest_route=\/wp\/v2\/pages\/147\/revisions\/987782"}],"up":[{"embeddable":true,"href":"https:\/\/dograr.com\/index.php?rest_route=\/wp\/v2\/pages\/116"}],"wp:featuredmedia":[{"embeddable":true,"href":"https:\/\/dograr.com\/index.php?rest_route=\/wp\/v2\/media\/987778"}],"wp:attachment":[{"href":"https:\/\/dograr.com\/index.php?rest_route=%2Fwp%2Fv2%2Fmedia&parent=147"}],"curies":[{"name":"wp","href":"https:\/\/api.w.org\/{rel}","templated":true}]}}