{"id":131,"date":"2026-03-03T18:17:33","date_gmt":"2026-03-03T18:17:33","guid":{"rendered":"https:\/\/fabrik.vamtam.com\/?page_id=131"},"modified":"2026-03-03T18:28:02","modified_gmt":"2026-03-03T18:28:02","slug":"misyon-vizyon","status":"publish","type":"page","link":"https:\/\/dograr.com\/?page_id=131","title":{"rendered":"Misyon &amp; Vizyon"},"content":{"rendered":"\t\t<div data-elementor-type=\"wp-page\" data-elementor-id=\"131\" class=\"elementor elementor-131\" data-elementor-post-type=\"page\">\n\t\t\t\t\t\t<section class=\"elementor-section elementor-top-section elementor-element elementor-element-4cca366 elementor-section-boxed elementor-section-height-default elementor-section-height-default\" data-id=\"4cca366\" data-element_type=\"section\" data-e-type=\"section\">\n\t\t\t\t\t\t<div class=\"elementor-container elementor-column-gap-no\">\n\t\t\t\t\t<div class=\"elementor-column elementor-col-100 elementor-top-column elementor-element elementor-element-5e66016\" data-id=\"5e66016\" data-element_type=\"column\" data-e-type=\"column\">\n\t\t\t<div class=\"elementor-widget-wrap\">\n\t\t\t\t\t\t\t<\/div>\n\t\t<\/div>\n\t\t\t\t\t<\/div>\n\t\t<\/section>\n\t\t\t\t<section class=\"elementor-section elementor-top-section elementor-element elementor-element-43ced3f elementor-section-boxed elementor-section-height-default elementor-section-height-default\" data-id=\"43ced3f\" data-element_type=\"section\" data-e-type=\"section\">\n\t\t\t\t\t\t<div class=\"elementor-container elementor-column-gap-no\">\n\t\t\t\t\t<div class=\"elementor-column elementor-col-50 elementor-top-column elementor-element elementor-element-8665582\" data-id=\"8665582\" data-element_type=\"column\" data-e-type=\"column\" data-settings=\"{&quot;background_background&quot;:&quot;classic&quot;,&quot;background_motion_fx_motion_fx_scrolling&quot;:&quot;yes&quot;,&quot;background_motion_fx_scale_effect&quot;:&quot;yes&quot;,&quot;background_motion_fx_scale_speed&quot;:{&quot;unit&quot;:&quot;px&quot;,&quot;size&quot;:2,&quot;sizes&quot;:[]},&quot;background_motion_fx_devices&quot;:[&quot;desktop&quot;],&quot;background_motion_fx_scale_direction&quot;:&quot;out-in&quot;,&quot;background_motion_fx_scale_range&quot;:{&quot;unit&quot;:&quot;%&quot;,&quot;size&quot;:&quot;&quot;,&quot;sizes&quot;:{&quot;start&quot;:20,&quot;end&quot;:80}}}\">\n\t\t\t<div class=\"elementor-widget-wrap elementor-element-populated\">\n\t\t\t\t\t\t<div class=\"elementor-element elementor-element-512eccd elementor-widget elementor-widget-video\" data-id=\"512eccd\" data-element_type=\"widget\" data-e-type=\"widget\" data-settings=\"{&quot;video_type&quot;:&quot;hosted&quot;,&quot;autoplay&quot;:&quot;yes&quot;,&quot;play_on_mobile&quot;:&quot;yes&quot;,&quot;mute&quot;:&quot;yes&quot;,&quot;loop&quot;:&quot;yes&quot;}\" data-widget_type=\"video.default\">\n\t\t\t\t<div class=\"elementor-widget-container\">\n\t\t\t\t\t\t\t<div class=\"e-hosted-video elementor-wrapper elementor-open-inline\">\n\t\t\t\t\t<video class=\"elementor-video\" src=\"https:\/\/dograr.com\\\/wp-content\/uploads\/2026\/03\/dograr-metal-fabrika.mp4\" autoplay=\"\" loop=\"\" muted=\"muted\" playsinline=\"\" controlsList=\"nodownload\"><\/video>\n\t\t\t\t<\/div>\n\t\t\t\t\t\t<\/div>\n\t\t\t\t<\/div>\n\t\t\t\t\t<\/div>\n\t\t<\/div>\n\t\t\t\t<div class=\"elementor-column elementor-col-50 elementor-top-column elementor-element elementor-element-da6325c\" data-id=\"da6325c\" data-element_type=\"column\" data-e-type=\"column\" data-settings=\"{&quot;background_background&quot;:&quot;classic&quot;}\">\n\t\t\t<div class=\"elementor-widget-wrap elementor-element-populated\">\n\t\t\t\t\t\t<section class=\"elementor-section elementor-inner-section elementor-element elementor-element-098c34d elementor-section-full_width elementor-section-height-default elementor-section-height-default\" data-id=\"098c34d\" data-element_type=\"section\" data-e-type=\"section\">\n\t\t\t\t\t\t<div class=\"elementor-container elementor-column-gap-no\">\n\t\t\t\t\t<div class=\"elementor-column elementor-col-100 elementor-inner-column elementor-element elementor-element-ddf2c61\" data-id=\"ddf2c61\" data-element_type=\"column\" data-e-type=\"column\">\n\t\t\t<div class=\"elementor-widget-wrap elementor-element-populated\">\n\t\t\t\t\t\t<div class=\"elementor-element elementor-element-8a2d31e elementor-widget elementor-widget-text-editor\" data-id=\"8a2d31e\" data-element_type=\"widget\" data-e-type=\"widget\" data-widget_type=\"text-editor.default\">\n\t\t\t\t<div class=\"elementor-widget-container\">\n\t\t\t\t\t\t\t\t\t<p class=\"p1\">Do\u011frar Metal olarak vizyonumuz; yerel ve k\u00fcresel \u00f6l\u00e7ekte, kalite ve inovasyonu merkezine alan, metal i\u015fleme ve \u00fcretim teknolojilerinde g\u00fcvenilir bir \u00e7\u00f6z\u00fcm merkezi olmakt\u0131r. S\u00fcrekli geli\u015fen teknolojiye uyum sa\u011flayan, s\u00fcrd\u00fcr\u00fclebilir \u00fcretim anlay\u0131\u015f\u0131n\u0131 benimseyen ve sekt\u00f6rde referans g\u00f6sterilen bir marka olmay\u0131 hedefliyoruz. \u00dcretim g\u00fcc\u00fcm\u00fcz\u00fc, m\u00fchendislik bak\u0131\u015f a\u00e7\u0131m\u0131zla birle\u015ftirerek uzun vadeli de\u011fer yaratmay\u0131 ama\u00e7l\u0131yoruz.<\/p><p class=\"p1\">Misyonumuz ise 50+ y\u0131ll\u0131k bilgi birikimi ve deneyimimizi, ileri teknoloji altyap\u0131m\u0131zla birle\u015ftirerek m\u00fc\u015fteri beklentilerine uygun, \u00e7\u00f6z\u00fcm odakl\u0131 ve s\u00fcrd\u00fcr\u00fclebilir \u00fcretim hizmeti sunmakt\u0131r. Tasar\u0131mdan montaja kadar entegre \u00fcretim yakla\u015f\u0131m\u0131m\u0131zla; kalite, verimlilik ve g\u00fcveni esas al\u0131yor, her projede tutarl\u0131 ve y\u00fcksek standartlarda sonu\u00e7lar ortaya koyuyoruz. \u0130nsan, teknoloji ve kalite odakl\u0131 yakla\u015f\u0131m\u0131m\u0131zla m\u00fc\u015fterilerimizle uzun soluklu i\u015f birlikleri kurmay\u0131 \u00f6ncelik olarak g\u00f6r\u00fcyoruz.<\/p>\t\t\t\t\t\t\t\t<\/div>\n\t\t\t\t<\/div>\n\t\t\t\t\t<\/div>\n\t\t<\/div>\n\t\t\t\t\t<\/div>\n\t\t<\/section>\n\t\t\t\t\t<\/div>\n\t\t<\/div>\n\t\t\t\t\t<\/div>\n\t\t<\/section>\n\t\t\t\t<section class=\"elementor-section elementor-top-section elementor-element elementor-element-be968e8 elementor-section-boxed elementor-section-height-default elementor-section-height-default\" data-id=\"be968e8\" data-element_type=\"section\" data-e-type=\"section\">\n\t\t\t\t\t\t<div class=\"elementor-container elementor-column-gap-no\">\n\t\t\t\t\t<div class=\"elementor-column elementor-col-100 elementor-top-column elementor-element elementor-element-9f8b2f1\" data-id=\"9f8b2f1\" data-element_type=\"column\" data-e-type=\"column\">\n\t\t\t<div class=\"elementor-widget-wrap\">\n\t\t\t\t\t\t\t<\/div>\n\t\t<\/div>\n\t\t\t\t\t<\/div>\n\t\t<\/section>\n\t\t\t\t<\/div>\n\t\t","protected":false},"excerpt":{"rendered":"<p>50 Y\u0131ll\u0131k G\u00fcven, G\u00fc\u00e7l\u00fc \u00dcretim<\/p>\n","protected":false},"author":1,"featured_media":987879,"parent":0,"menu_order":0,"comment_status":"closed","ping_status":"closed","template":"","meta":{"inline_featured_image":false,"footnotes":""},"class_list":["post-131","page","type-page","status-publish","has-post-thumbnail","hentry"],"yoast_head":"<!-- This site is optimized with the Yoast SEO plugin v27.1.1 - https:\/\/yoast.com\/product\/yoast-seo-wordpress\/ -->\n<title>Misyon &amp; Vizyon - Do\u011frar Metal Sanayi<\/title>\n<meta name=\"robots\" content=\"index, follow, max-snippet:-1, max-image-preview:large, max-video-preview:-1\" \/>\n<link rel=\"canonical\" href=\"https:\/\/dograr.com\/?page_id=131\" \/>\n<meta property=\"og:locale\" content=\"tr_TR\" \/>\n<meta property=\"og:type\" content=\"article\" \/>\n<meta property=\"og:title\" content=\"Misyon &amp; Vizyon - Do\u011frar Metal Sanayi\" \/>\n<meta property=\"og:description\" content=\"50 Y\u0131ll\u0131k G\u00fcven, G\u00fc\u00e7l\u00fc \u00dcretim\" \/>\n<meta property=\"og:url\" content=\"https:\/\/dograr.com\/?page_id=131\" \/>\n<meta property=\"og:site_name\" content=\"Do\u011frar Metal Sanayi\" \/>\n<meta property=\"article:modified_time\" content=\"2026-03-03T18:28:02+00:00\" \/>\n<meta property=\"og:image\" content=\"https:\/\/dograr.com\/wp-content\/uploads\/2026\/03\/dograr-metal-misyon-vizyon.jpg\" \/>\n\t<meta property=\"og:image:width\" content=\"2560\" \/>\n\t<meta property=\"og:image:height\" content=\"1030\" \/>\n\t<meta property=\"og:image:type\" content=\"image\/jpeg\" \/>\n<meta name=\"twitter:card\" content=\"summary_large_image\" \/>\n<meta name=\"twitter:label1\" content=\"Tahmini okuma s\u00fcresi\" \/>\n\t<meta name=\"twitter:data1\" content=\"1 dakika\" \/>\n<script type=\"application\/ld+json\" class=\"yoast-schema-graph\">{\"@context\":\"https:\/\/schema.org\",\"@graph\":[{\"@type\":\"WebPage\",\"@id\":\"https:\/\/dograr.com\/?page_id=131\",\"url\":\"https:\/\/dograr.com\/?page_id=131\",\"name\":\"Misyon &amp; Vizyon - Do\u011frar Metal Sanayi\",\"isPartOf\":{\"@id\":\"https:\/\/dograr.com\/#website\"},\"primaryImageOfPage\":{\"@id\":\"https:\/\/dograr.com\/?page_id=131#primaryimage\"},\"image\":{\"@id\":\"https:\/\/dograr.com\/?page_id=131#primaryimage\"},\"thumbnailUrl\":\"https:\/\/dograr.com\/wp-content\/uploads\/2026\/03\/dograr-metal-misyon-vizyon.jpg\",\"datePublished\":\"2026-03-03T18:17:33+00:00\",\"dateModified\":\"2026-03-03T18:28:02+00:00\",\"breadcrumb\":{\"@id\":\"https:\/\/dograr.com\/?page_id=131#breadcrumb\"},\"inLanguage\":\"tr\",\"potentialAction\":[{\"@type\":\"ReadAction\",\"target\":[\"https:\/\/dograr.com\/?page_id=131\"]}]},{\"@type\":\"ImageObject\",\"inLanguage\":\"tr\",\"@id\":\"https:\/\/dograr.com\/?page_id=131#primaryimage\",\"url\":\"https:\/\/dograr.com\/wp-content\/uploads\/2026\/03\/dograr-metal-misyon-vizyon.jpg\",\"contentUrl\":\"https:\/\/dograr.com\/wp-content\/uploads\/2026\/03\/dograr-metal-misyon-vizyon.jpg\",\"width\":2560,\"height\":1030},{\"@type\":\"BreadcrumbList\",\"@id\":\"https:\/\/dograr.com\/?page_id=131#breadcrumb\",\"itemListElement\":[{\"@type\":\"ListItem\",\"position\":1,\"name\":\"Anasayfa\",\"item\":\"https:\/\/dograr.com\/\"},{\"@type\":\"ListItem\",\"position\":2,\"name\":\"Misyon &amp; Vizyon\"}]},{\"@type\":\"WebSite\",\"@id\":\"https:\/\/dograr.com\/#website\",\"url\":\"https:\/\/dograr.com\/\",\"name\":\"Do\u011frar Metal Sanayi\",\"description\":\"\",\"publisher\":{\"@id\":\"https:\/\/dograr.com\/#organization\"},\"potentialAction\":[{\"@type\":\"SearchAction\",\"target\":{\"@type\":\"EntryPoint\",\"urlTemplate\":\"https:\/\/dograr.com\/?s={search_term_string}\"},\"query-input\":{\"@type\":\"PropertyValueSpecification\",\"valueRequired\":true,\"valueName\":\"search_term_string\"}}],\"inLanguage\":\"tr\"},{\"@type\":\"Organization\",\"@id\":\"https:\/\/dograr.com\/#organization\",\"name\":\"Do\u011frar Metal Sanayi\",\"url\":\"https:\/\/dograr.com\/\",\"logo\":{\"@type\":\"ImageObject\",\"inLanguage\":\"tr\",\"@id\":\"https:\/\/dograr.com\/#\/schema\/logo\/image\/\",\"url\":\"https:\/\/dograr.com\/wp-content\/uploads\/2023\/07\/dograr-metal.svg\",\"contentUrl\":\"https:\/\/dograr.com\/wp-content\/uploads\/2023\/07\/dograr-metal.svg\",\"width\":423,\"height\":133,\"caption\":\"Do\u011frar Metal Sanayi\"},\"image\":{\"@id\":\"https:\/\/dograr.com\/#\/schema\/logo\/image\/\"}}]}<\/script>\n<!-- \/ Yoast SEO plugin. -->","yoast_head_json":{"title":"Misyon &amp; Vizyon - Do\u011frar Metal Sanayi","robots":{"index":"index","follow":"follow","max-snippet":"max-snippet:-1","max-image-preview":"max-image-preview:large","max-video-preview":"max-video-preview:-1"},"canonical":"https:\/\/dograr.com\/?page_id=131","og_locale":"tr_TR","og_type":"article","og_title":"Misyon &amp; Vizyon - Do\u011frar Metal Sanayi","og_description":"50 Y\u0131ll\u0131k G\u00fcven, G\u00fc\u00e7l\u00fc \u00dcretim","og_url":"https:\/\/dograr.com\/?page_id=131","og_site_name":"Do\u011frar Metal Sanayi","article_modified_time":"2026-03-03T18:28:02+00:00","og_image":[{"width":2560,"height":1030,"url":"https:\/\/dograr.com\/wp-content\/uploads\/2026\/03\/dograr-metal-misyon-vizyon.jpg","type":"image\/jpeg"}],"twitter_card":"summary_large_image","twitter_misc":{"Tahmini okuma s\u00fcresi":"1 dakika"},"schema":{"@context":"https:\/\/schema.org","@graph":[{"@type":"WebPage","@id":"https:\/\/dograr.com\/?page_id=131","url":"https:\/\/dograr.com\/?page_id=131","name":"Misyon &amp; Vizyon - Do\u011frar Metal Sanayi","isPartOf":{"@id":"https:\/\/dograr.com\/#website"},"primaryImageOfPage":{"@id":"https:\/\/dograr.com\/?page_id=131#primaryimage"},"image":{"@id":"https:\/\/dograr.com\/?page_id=131#primaryimage"},"thumbnailUrl":"https:\/\/dograr.com\/wp-content\/uploads\/2026\/03\/dograr-metal-misyon-vizyon.jpg","datePublished":"2026-03-03T18:17:33+00:00","dateModified":"2026-03-03T18:28:02+00:00","breadcrumb":{"@id":"https:\/\/dograr.com\/?page_id=131#breadcrumb"},"inLanguage":"tr","potentialAction":[{"@type":"ReadAction","target":["https:\/\/dograr.com\/?page_id=131"]}]},{"@type":"ImageObject","inLanguage":"tr","@id":"https:\/\/dograr.com\/?page_id=131#primaryimage","url":"https:\/\/dograr.com\/wp-content\/uploads\/2026\/03\/dograr-metal-misyon-vizyon.jpg","contentUrl":"https:\/\/dograr.com\/wp-content\/uploads\/2026\/03\/dograr-metal-misyon-vizyon.jpg","width":2560,"height":1030},{"@type":"BreadcrumbList","@id":"https:\/\/dograr.com\/?page_id=131#breadcrumb","itemListElement":[{"@type":"ListItem","position":1,"name":"Anasayfa","item":"https:\/\/dograr.com\/"},{"@type":"ListItem","position":2,"name":"Misyon &amp; Vizyon"}]},{"@type":"WebSite","@id":"https:\/\/dograr.com\/#website","url":"https:\/\/dograr.com\/","name":"Do\u011frar Metal Sanayi","description":"","publisher":{"@id":"https:\/\/dograr.com\/#organization"},"potentialAction":[{"@type":"SearchAction","target":{"@type":"EntryPoint","urlTemplate":"https:\/\/dograr.com\/?s={search_term_string}"},"query-input":{"@type":"PropertyValueSpecification","valueRequired":true,"valueName":"search_term_string"}}],"inLanguage":"tr"},{"@type":"Organization","@id":"https:\/\/dograr.com\/#organization","name":"Do\u011frar Metal Sanayi","url":"https:\/\/dograr.com\/","logo":{"@type":"ImageObject","inLanguage":"tr","@id":"https:\/\/dograr.com\/#\/schema\/logo\/image\/","url":"https:\/\/dograr.com\/wp-content\/uploads\/2023\/07\/dograr-metal.svg","contentUrl":"https:\/\/dograr.com\/wp-content\/uploads\/2023\/07\/dograr-metal.svg","width":423,"height":133,"caption":"Do\u011frar Metal Sanayi"},"image":{"@id":"https:\/\/dograr.com\/#\/schema\/logo\/image\/"}}]}},"_links":{"self":[{"href":"https:\/\/dograr.com\/index.php?rest_route=\/wp\/v2\/pages\/131","targetHints":{"allow":["GET"]}}],"collection":[{"href":"https:\/\/dograr.com\/index.php?rest_route=\/wp\/v2\/pages"}],"about":[{"href":"https:\/\/dograr.com\/index.php?rest_route=\/wp\/v2\/types\/page"}],"author":[{"embeddable":true,"href":"https:\/\/dograr.com\/index.php?rest_route=\/wp\/v2\/users\/1"}],"replies":[{"embeddable":true,"href":"https:\/\/dograr.com\/index.php?rest_route=%2Fwp%2Fv2%2Fcomments&post=131"}],"version-history":[{"count":6,"href":"https:\/\/dograr.com\/index.php?rest_route=\/wp\/v2\/pages\/131\/revisions"}],"predecessor-version":[{"id":987887,"href":"https:\/\/dograr.com\/index.php?rest_route=\/wp\/v2\/pages\/131\/revisions\/987887"}],"wp:featuredmedia":[{"embeddable":true,"href":"https:\/\/dograr.com\/index.php?rest_route=\/wp\/v2\/media\/987879"}],"wp:attachment":[{"href":"https:\/\/dograr.com\/index.php?rest_route=%2Fwp%2Fv2%2Fmedia&parent=131"}],"curies":[{"name":"wp","href":"https:\/\/api.w.org\/{rel}","templated":true}]}}